{"id":222889,"date":"2025-12-28T00:26:29","date_gmt":"2025-12-27T21:26:29","guid":{"rendered":"https:\/\/baldumarket.lt\/?post_type=product&#038;p=222889"},"modified":"2026-02-03T23:10:32","modified_gmt":"2026-02-03T20:10:32","slug":"naroznik-nordic-otwarty-funkcja-spania-pojemnik-gr4","status":"publish","type":"product","link":"https:\/\/baldumarket.lt\/lt\/product\/naroznik-nordic-otwarty-funkcja-spania-pojemnik-gr4\/","title":{"rendered":"Nordic atvira kampin\u0117 sofa, miegojimo funkcija, Gr4 konteineris"},"content":{"rendered":"<p>\u201eNordic Open Corner Sofa\u201c \u2013 tai modernus lenk\u0173 gamintojo \u201eComforteo\u201c pasi\u016blymas, puikiai atitinkantis dabartines interjero dizaino tendencijas. Atviras, lengvas dizainas be \u0161onini\u0173 spinteli\u0173 suteikia interjerui erdv\u0117s poj\u016bt\u012f ir subtili\u0105 elegancij\u0105. Tai puikus pasirinkimas svetain\u0117ms, kurios vertina minimalizm\u0105 su dizainerio laisv\u0117s prieskoniu.<\/p>","protected":false},"excerpt":{"rendered":"<p>Plotis: 255 cm<br \/>\nGylis: 168 cm<br \/>\nAuk\u0161tis: 94 cm<br \/>\nS\u0117dyn\u0117s gylis: 55 cm<br \/>\nS\u0117dyn\u0117s auk\u0161tis: 45 cm<\/p>","protected":false},"featured_media":222927,"comment_status":"open","ping_status":"closed","template":"","meta":[],"product_brand":[],"product_cat":[9133],"product_tag":[],"class_list":{"0":"post-222889","1":"product","2":"type-product","3":"status-publish","4":"has-post-thumbnail","6":"product_cat-grouped","8":"first","9":"instock","10":"shipping-taxable","11":"purchasable","12":"product-type-variable","13":"wvs-archive-product-wrapper"},"_links":{"self":[{"href":"https:\/\/baldumarket.lt\/lt\/wp-json\/wp\/v2\/product\/222889","targetHints":{"allow":["GET"]}}],"collection":[{"href":"https:\/\/baldumarket.lt\/lt\/wp-json\/wp\/v2\/product"}],"about":[{"href":"https:\/\/baldumarket.lt\/lt\/wp-json\/wp\/v2\/types\/product"}],"replies":[{"embeddable":true,"href":"https:\/\/baldumarket.lt\/lt\/wp-json\/wp\/v2\/comments?post=222889"}],"wp:featuredmedia":[{"embeddable":true,"href":"https:\/\/baldumarket.lt\/lt\/wp-json\/wp\/v2\/media\/222927"}],"wp:attachment":[{"href":"https:\/\/baldumarket.lt\/lt\/wp-json\/wp\/v2\/media?parent=222889"}],"wp:term":[{"taxonomy":"product_brand","embeddable":true,"href":"https:\/\/baldumarket.lt\/lt\/wp-json\/wp\/v2\/product_brand?post=222889"},{"taxonomy":"product_cat","embeddable":true,"href":"https:\/\/baldumarket.lt\/lt\/wp-json\/wp\/v2\/product_cat?post=222889"},{"taxonomy":"product_tag","embeddable":true,"href":"https:\/\/baldumarket.lt\/lt\/wp-json\/wp\/v2\/product_tag?post=222889"}],"curies":[{"name":"wp","href":"https:\/\/api.w.org\/{rel}","templated":true}]}}