{"id":222874,"date":"2025-12-28T00:25:45","date_gmt":"2025-12-27T21:25:45","guid":{"rendered":"https:\/\/baldumarket.lt\/?post_type=product&#038;p=222874"},"modified":"2026-02-03T23:10:34","modified_gmt":"2026-02-03T20:10:34","slug":"naroznik-nordic-zamkniety-funkcja-spania-pojemnik-gr2","status":"publish","type":"product","link":"https:\/\/baldumarket.lt\/lt\/product\/naroznik-nordic-zamkniety-funkcja-spania-pojemnik-gr2\/","title":{"rendered":"Nordic u\u017edara kampin\u0117 sofa, miegojimo funkcija, Gr2 konteineris"},"content":{"rendered":"<p>\u201eNordic Closed Corner Sofa\u201c \u2013 tai modulin\u0117 kampin\u0117 sofa i\u0161 Lenkijos gamintojo \u201eComforteo\u201c, sukurta \u0161viesioms, u\u017edaroms erdv\u0117ms. Ji i\u0161laiko minimalistin\u012f dizain\u0105 su geometrin\u0117mis si\u016bl\u0117mis ant apmu\u0161to galv\u016bgalio ir \u0161onini\u0173 paneli\u0173, i\u0161likdama subtili, ta\u010diau i\u0161rai\u0161kinga. Ji puikiai dera prie modernaus ir skandinavi\u0161ko interjero.<\/p>","protected":false},"excerpt":{"rendered":"<p>Plotis: 256 cm<br \/>\nGylis: 195 cm<br \/>\nAuk\u0161tis: 94 cm<br \/>\nS\u0117dyn\u0117s gylis: 55 cm<br \/>\nS\u0117dyn\u0117s auk\u0161tis: 45 cm<\/p>","protected":false},"featured_media":222901,"comment_status":"open","ping_status":"closed","template":"","meta":[],"product_brand":[],"product_cat":[9133],"product_tag":[],"class_list":{"0":"post-222874","1":"product","2":"type-product","3":"status-publish","4":"has-post-thumbnail","6":"product_cat-grouped","8":"first","9":"instock","10":"shipping-taxable","11":"purchasable","12":"product-type-variable","13":"wvs-archive-product-wrapper"},"_links":{"self":[{"href":"https:\/\/baldumarket.lt\/lt\/wp-json\/wp\/v2\/product\/222874","targetHints":{"allow":["GET"]}}],"collection":[{"href":"https:\/\/baldumarket.lt\/lt\/wp-json\/wp\/v2\/product"}],"about":[{"href":"https:\/\/baldumarket.lt\/lt\/wp-json\/wp\/v2\/types\/product"}],"replies":[{"embeddable":true,"href":"https:\/\/baldumarket.lt\/lt\/wp-json\/wp\/v2\/comments?post=222874"}],"wp:featuredmedia":[{"embeddable":true,"href":"https:\/\/baldumarket.lt\/lt\/wp-json\/wp\/v2\/media\/222901"}],"wp:attachment":[{"href":"https:\/\/baldumarket.lt\/lt\/wp-json\/wp\/v2\/media?parent=222874"}],"wp:term":[{"taxonomy":"product_brand","embeddable":true,"href":"https:\/\/baldumarket.lt\/lt\/wp-json\/wp\/v2\/product_brand?post=222874"},{"taxonomy":"product_cat","embeddable":true,"href":"https:\/\/baldumarket.lt\/lt\/wp-json\/wp\/v2\/product_cat?post=222874"},{"taxonomy":"product_tag","embeddable":true,"href":"https:\/\/baldumarket.lt\/lt\/wp-json\/wp\/v2\/product_tag?post=222874"}],"curies":[{"name":"wp","href":"https:\/\/api.w.org\/{rel}","templated":true}]}}