{"id":222864,"date":"2025-12-28T00:25:08","date_gmt":"2025-12-27T21:25:08","guid":{"rendered":"https:\/\/baldumarket.lt\/?post_type=product&#038;p=222864"},"modified":"2026-02-03T23:10:34","modified_gmt":"2026-02-03T20:10:34","slug":"naroznik-patrizia-funkcja-spania-pojemnik-regulowane-zaglowki","status":"publish","type":"product","link":"https:\/\/baldumarket.lt\/lt\/product\/naroznik-patrizia-funkcja-spania-pojemnik-regulowane-zaglowki\/","title":{"rendered":"Patrizia kampin\u0117 sofa su miegojimo funkcija, daiktad\u0117\u017ee, reguliuojamais galvos atlo\u0161ais"},"content":{"rendered":"<p>Kampin\u0117 sofa \u201ePatrizia\u201c pasi\u017eymi i\u0161lenktais porankiais, kurie pabr\u0117\u017eia jos moderni\u0105 form\u0105. Ji turi \u201ePuma\u201c miegojimo funkcij\u0105 ir erdv\u0173 patalyn\u0117s skyri\u0173. Reguliuojami galvos atlo\u0161ai ir subtiliai dygsniuotos s\u0117dyn\u0117s pagalv\u0117l\u0117s, u\u017epildytos vingiuotomis spyruokl\u0117mis ir poliuretano putomis, u\u017etikrina komfort\u0105 kiekvienam naudotojui. Visa sofa stovi ant chromuot\u0173 kojeli\u0173. Sofa yra kair\u0117s ir de\u0161in\u0117s pus\u0117s versijos. \u201eProduct Creator\u201c si\u016blo plat\u0173 apmu\u0161al\u0173 audini\u0173 pasirinkim\u0105.<\/p>","protected":false},"excerpt":{"rendered":"<p>Kampin\u0117 sofa \u201ePatrizia\u201c pasi\u017eymi i\u0161lenktais porankiais, kurie pabr\u0117\u017eia jos moderni\u0105 form\u0105. Ji turi \u201ePuma\u201c miegojimo funkcij\u0105 ir erdv\u0173 patalyn\u0117s skyri\u0173. Reguliuojamos galvos atramos ir subtiliai dygsniuotos s\u0117dyn\u0117s pagalv\u0117l\u0117s, u\u017epildytos vingiuotomis spyruokl\u0117mis ir poliuretano putomis, u\u017etikrina komfort\u0105 kiekvienam naudotojui. Visa sofa stovi ant chromuot\u0173 kojeli\u0173. Sofa yra kair\u0117s pus\u0117s [\u2026]<\/p>","protected":false},"featured_media":222891,"comment_status":"open","ping_status":"closed","template":"","meta":[],"product_brand":[],"product_cat":[7906,616,1983],"product_tag":[],"class_list":{"0":"post-222864","1":"product","2":"type-product","3":"status-publish","4":"has-post-thumbnail","6":"product_cat-comforteo","7":"product_cat-corners","8":"product_cat-corners-l","10":"first","11":"instock","12":"shipping-taxable","13":"product-type-grouped"},"_links":{"self":[{"href":"https:\/\/baldumarket.lt\/lt\/wp-json\/wp\/v2\/product\/222864","targetHints":{"allow":["GET"]}}],"collection":[{"href":"https:\/\/baldumarket.lt\/lt\/wp-json\/wp\/v2\/product"}],"about":[{"href":"https:\/\/baldumarket.lt\/lt\/wp-json\/wp\/v2\/types\/product"}],"replies":[{"embeddable":true,"href":"https:\/\/baldumarket.lt\/lt\/wp-json\/wp\/v2\/comments?post=222864"}],"wp:featuredmedia":[{"embeddable":true,"href":"https:\/\/baldumarket.lt\/lt\/wp-json\/wp\/v2\/media\/222891"}],"wp:attachment":[{"href":"https:\/\/baldumarket.lt\/lt\/wp-json\/wp\/v2\/media?parent=222864"}],"wp:term":[{"taxonomy":"product_brand","embeddable":true,"href":"https:\/\/baldumarket.lt\/lt\/wp-json\/wp\/v2\/product_brand?post=222864"},{"taxonomy":"product_cat","embeddable":true,"href":"https:\/\/baldumarket.lt\/lt\/wp-json\/wp\/v2\/product_cat?post=222864"},{"taxonomy":"product_tag","embeddable":true,"href":"https:\/\/baldumarket.lt\/lt\/wp-json\/wp\/v2\/product_tag?post=222864"}],"curies":[{"name":"wp","href":"https:\/\/api.w.org\/{rel}","templated":true}]}}