{"id":222844,"date":"2025-12-28T00:23:58","date_gmt":"2025-12-27T21:23:58","guid":{"rendered":"https:\/\/baldumarket.lt\/?post_type=product&#038;p=222844"},"modified":"2026-02-03T23:10:36","modified_gmt":"2026-02-03T20:10:36","slug":"naroznik-riva-otwarty-z-szeroka-otomana-funkcja-spania-pojemnik-regulowane-zaglowki-gr5","status":"publish","type":"product","link":"https:\/\/baldumarket.lt\/lt\/product\/naroznik-riva-otwarty-z-szeroka-otomana-funkcja-spania-pojemnik-regulowane-zaglowki-gr5\/","title":{"rendered":"Riva atvira kampin\u0117 sofa su pla\u010diu pufu, miegojimo funkcija, konteineriu, reguliuojamas galvos atramomis Gr5"},"content":{"rendered":"<p>Atvira kampin\u0117 sofa \u201eRiva\u201c pasi\u017eymi gausiai dygsniuota s\u0117dyne ir pla\u010diu pufu. Ji taip pat turi reguliuojamas galvos atramas ir kont\u016bruotas atlo\u0161o pagalv\u0117les. Joje yra \u201eDolphin\u201c miegamoji dalis ir patalyn\u0117s skyrius papildomam daikt\u0173 laikymui. S\u0117dyn\u0117s pagalv\u0117l\u0117s pagamintos i\u0161 zigzago spyruokli\u0173 ir didelio elastingumo HR put\u0173, be kit\u0173 savybi\u0173. \u0160i daugiafunkcin\u0117 ir stilinga kampin\u0117 sofa si\u016bloma su pla\u010diu audini\u0173 asortimentu, kur\u012f si\u016blo \u201eProduct Creator\u201c, ir yra kairiosios bei de\u0161iniosios pus\u0117s versijos.<\/p>","protected":false},"excerpt":{"rendered":"<p>Plotis: 295 cm<br \/>\nGylis: 189 cm<br \/>\nAuk\u0161tis: 91 cm<br \/>\nDid\u017eiausias auk\u0161tis: 104 cm<br \/>\nS\u0117dyn\u0117s auk\u0161tis: 46 cm<\/p>","protected":false},"featured_media":222867,"comment_status":"open","ping_status":"closed","template":"","meta":[],"product_brand":[],"product_cat":[9133],"product_tag":[],"class_list":{"0":"post-222844","1":"product","2":"type-product","3":"status-publish","4":"has-post-thumbnail","6":"product_cat-grouped","8":"first","9":"instock","10":"shipping-taxable","11":"purchasable","12":"product-type-variable","13":"wvs-archive-product-wrapper"},"_links":{"self":[{"href":"https:\/\/baldumarket.lt\/lt\/wp-json\/wp\/v2\/product\/222844","targetHints":{"allow":["GET"]}}],"collection":[{"href":"https:\/\/baldumarket.lt\/lt\/wp-json\/wp\/v2\/product"}],"about":[{"href":"https:\/\/baldumarket.lt\/lt\/wp-json\/wp\/v2\/types\/product"}],"replies":[{"embeddable":true,"href":"https:\/\/baldumarket.lt\/lt\/wp-json\/wp\/v2\/comments?post=222844"}],"wp:featuredmedia":[{"embeddable":true,"href":"https:\/\/baldumarket.lt\/lt\/wp-json\/wp\/v2\/media\/222867"}],"wp:attachment":[{"href":"https:\/\/baldumarket.lt\/lt\/wp-json\/wp\/v2\/media?parent=222844"}],"wp:term":[{"taxonomy":"product_brand","embeddable":true,"href":"https:\/\/baldumarket.lt\/lt\/wp-json\/wp\/v2\/product_brand?post=222844"},{"taxonomy":"product_cat","embeddable":true,"href":"https:\/\/baldumarket.lt\/lt\/wp-json\/wp\/v2\/product_cat?post=222844"},{"taxonomy":"product_tag","embeddable":true,"href":"https:\/\/baldumarket.lt\/lt\/wp-json\/wp\/v2\/product_tag?post=222844"}],"curies":[{"name":"wp","href":"https:\/\/api.w.org\/{rel}","templated":true}]}}