{"id":222828,"date":"2025-12-28T00:23:02","date_gmt":"2025-12-27T21:23:02","guid":{"rendered":"https:\/\/baldumarket.lt\/?post_type=product&#038;p=222828"},"modified":"2026-02-03T23:10:37","modified_gmt":"2026-02-03T20:10:37","slug":"naroznik-riva-otwarty-waska-otomana-funkcja-spania-pojemnik-regulowane-zaglowki","status":"publish","type":"product","link":"https:\/\/baldumarket.lt\/lt\/product\/naroznik-riva-otwarty-waska-otomana-funkcja-spania-pojemnik-regulowane-zaglowki\/","title":{"rendered":"Riva atvira kampin\u0117 sofa, siauras pufas, miegojimo funkcija, konteineris, reguliuojamos galvos atramos"},"content":{"rendered":"<p>Modulin\u0117 kampin\u0117 sofa \u201eRiva Open V2+V3+V5\u201c turi reguliuojamas galvos atramas, kurios kartu su i\u0161lenktomis atlo\u0161ais leid\u017eia rasti patogiausi\u0105 ir individualiausi\u0105 pad\u0117t\u012f. S\u0117dyn\u0117s pagalv\u0117l\u0117s su vingiuotomis spyruokl\u0117mis ir didelio elastingumo HR poliuretano putomis yra ne tik patvarios, bet ir labai patogios. Sofa turi prakti\u0161k\u0105 patalyn\u0117s d\u0117\u017e\u0119 ir \u201eDolphin\u201c miegojimo funkcij\u0105. \u0160i daugiafunkcin\u0117 kampin\u0117 sofa yra kair\u0117s ir de\u0161in\u0117s rankos versijos. J\u0105 galima \u012fsigyti i\u0161 plataus audini\u0173 asortimento, kur\u012f si\u016blo gaminio k\u016br\u0117jas. Surinkimas reikalauja minimalaus darbo.<\/p>","protected":false},"excerpt":{"rendered":"<p>Modulin\u0117 kampin\u0117 sofa \u201eRiva Open V2+V3+V5\u201c turi reguliuojamas galvos atramas, kurios kartu su kont\u016bruotomis atlo\u0161ais leid\u017eia rasti patogiausi\u0105 ir individualiausi\u0105 pad\u0117t\u012f. S\u0117dyn\u0117s pagalv\u0117l\u0117s su vingiuotomis spyruokl\u0117mis ir didelio elastingumo HR poliuretano putomis yra ne tik patvarios, bet ir labai patogios. Sofa turi prakti\u0161k\u0105 patalyn\u0117s d\u0117\u017e\u0119 ir \u201eDolphin\u201c [\u2026]<\/p>","protected":false},"featured_media":222855,"comment_status":"open","ping_status":"closed","template":"","meta":[],"product_brand":[],"product_cat":[7906,616,1983],"product_tag":[],"class_list":{"0":"post-222828","1":"product","2":"type-product","3":"status-publish","4":"has-post-thumbnail","6":"product_cat-comforteo","7":"product_cat-corners","8":"product_cat-corners-l","10":"first","11":"instock","12":"shipping-taxable","13":"product-type-grouped"},"_links":{"self":[{"href":"https:\/\/baldumarket.lt\/lt\/wp-json\/wp\/v2\/product\/222828","targetHints":{"allow":["GET"]}}],"collection":[{"href":"https:\/\/baldumarket.lt\/lt\/wp-json\/wp\/v2\/product"}],"about":[{"href":"https:\/\/baldumarket.lt\/lt\/wp-json\/wp\/v2\/types\/product"}],"replies":[{"embeddable":true,"href":"https:\/\/baldumarket.lt\/lt\/wp-json\/wp\/v2\/comments?post=222828"}],"wp:featuredmedia":[{"embeddable":true,"href":"https:\/\/baldumarket.lt\/lt\/wp-json\/wp\/v2\/media\/222855"}],"wp:attachment":[{"href":"https:\/\/baldumarket.lt\/lt\/wp-json\/wp\/v2\/media?parent=222828"}],"wp:term":[{"taxonomy":"product_brand","embeddable":true,"href":"https:\/\/baldumarket.lt\/lt\/wp-json\/wp\/v2\/product_brand?post=222828"},{"taxonomy":"product_cat","embeddable":true,"href":"https:\/\/baldumarket.lt\/lt\/wp-json\/wp\/v2\/product_cat?post=222828"},{"taxonomy":"product_tag","embeddable":true,"href":"https:\/\/baldumarket.lt\/lt\/wp-json\/wp\/v2\/product_tag?post=222828"}],"curies":[{"name":"wp","href":"https:\/\/api.w.org\/{rel}","templated":true}]}}