{"id":222810,"date":"2025-12-28T00:22:20","date_gmt":"2025-12-27T21:22:20","guid":{"rendered":"https:\/\/baldumarket.lt\/?post_type=product&#038;p=222810"},"modified":"2026-02-03T23:10:38","modified_gmt":"2026-02-03T20:10:38","slug":"naroznik-riva-u-form-funkcja-spania-pojemniki-regulowane-zaglowki","status":"publish","type":"product","link":"https:\/\/baldumarket.lt\/lt\/product\/naroznik-riva-u-form-funkcja-spania-pojemniki-regulowane-zaglowki\/","title":{"rendered":"Riva U formos kampin\u0117 sofa su miegojimo funkcija, daiktad\u0117\u017e\u0117mis, reguliuojamomis galvos atramomis"},"content":{"rendered":"<p>\u201eRiva\u201c U formos kampin\u0117 sofa i\u0161siskiria gausiai dygsniuota ir dygsniuota s\u0117dyne, pagaminta i\u0161 vingiuot\u0173 spyruokli\u0173 ir didelio elastingumo put\u0173. \u0160is baldas derina komfort\u0105 ir funkcionalum\u0105 su puikiu dizainu. Reguliuojamos galvos atramos u\u017etikrina, kad kiekvienas rast\u0173 patogiausi\u0105 pad\u0117t\u012f vakarui \u017ei\u016brint m\u0117gstam\u0105 serial\u0105. Kampin\u0117 sofa turi miegojimo funkcij\u0105 ir du prakti\u0161kus patalyn\u0117s skyrius, kuriuose taip pat galima susid\u0117ti papildomus daiktus, laikomus spintoje. Sofa yra de\u0161inin\u0117s ir kair\u0117s pus\u0117s. Ji si\u016bloma su pla\u010diu audini\u0173 asortimentu, kur\u012f galite rasti produkto k\u016br\u0117jo svetain\u0117je.<\/p>","protected":false},"excerpt":{"rendered":"<p>\u201eRiva\u201c U formos kampin\u0117 sofa i\u0161siskiria gausiai dygsniuota ir dygsniuota s\u0117dyne, pagaminta naudojant vingiuotas spyruokles ir didelio elastingumo putas. \u0160is baldas derina komfort\u0105 ir funkcionalum\u0105 su puikiu dizainu. Reguliuojamos galvos atramos u\u017etikrina, kad kiekvienas rast\u0173 patogiausi\u0105 pad\u0117t\u012f vakarui \u017ei\u016brint m\u0117gstam\u0105 serial\u0105. Kampin\u0117 sofa pasi\u017eymi [\u2026]<\/p>","protected":false},"featured_media":222829,"comment_status":"open","ping_status":"closed","template":"","meta":[],"product_brand":[],"product_cat":[7906,616,1982],"product_tag":[],"class_list":{"0":"post-222810","1":"product","2":"type-product","3":"status-publish","4":"has-post-thumbnail","6":"product_cat-comforteo","7":"product_cat-corners","8":"product_cat-corners-u","10":"first","11":"instock","12":"shipping-taxable","13":"product-type-grouped"},"_links":{"self":[{"href":"https:\/\/baldumarket.lt\/lt\/wp-json\/wp\/v2\/product\/222810","targetHints":{"allow":["GET"]}}],"collection":[{"href":"https:\/\/baldumarket.lt\/lt\/wp-json\/wp\/v2\/product"}],"about":[{"href":"https:\/\/baldumarket.lt\/lt\/wp-json\/wp\/v2\/types\/product"}],"replies":[{"embeddable":true,"href":"https:\/\/baldumarket.lt\/lt\/wp-json\/wp\/v2\/comments?post=222810"}],"wp:featuredmedia":[{"embeddable":true,"href":"https:\/\/baldumarket.lt\/lt\/wp-json\/wp\/v2\/media\/222829"}],"wp:attachment":[{"href":"https:\/\/baldumarket.lt\/lt\/wp-json\/wp\/v2\/media?parent=222810"}],"wp:term":[{"taxonomy":"product_brand","embeddable":true,"href":"https:\/\/baldumarket.lt\/lt\/wp-json\/wp\/v2\/product_brand?post=222810"},{"taxonomy":"product_cat","embeddable":true,"href":"https:\/\/baldumarket.lt\/lt\/wp-json\/wp\/v2\/product_cat?post=222810"},{"taxonomy":"product_tag","embeddable":true,"href":"https:\/\/baldumarket.lt\/lt\/wp-json\/wp\/v2\/product_tag?post=222810"}],"curies":[{"name":"wp","href":"https:\/\/api.w.org\/{rel}","templated":true}]}}