{"id":222779,"date":"2025-12-28T00:20:15","date_gmt":"2025-12-27T21:20:15","guid":{"rendered":"https:\/\/baldumarket.lt\/?post_type=product&#038;p=222779"},"modified":"2026-02-03T23:10:39","modified_gmt":"2026-02-03T20:10:39","slug":"naroznik-riva-zamkniety-funkcja-spania-pojemnik-regulowane-zaglowki-gr3","status":"publish","type":"product","link":"https:\/\/baldumarket.lt\/lt\/product\/naroznik-riva-zamkniety-funkcja-spania-pojemnik-regulowane-zaglowki-gr3\/","title":{"rendered":"Riva u\u017edara kampin\u0117 sofa, miegojimo funkcija, daiktad\u0117\u017e\u0117, reguliuojami galvos atlo\u0161ai Gr3"},"content":{"rendered":"<p>U\u017edara kampin\u0117 sofa \u201eRiva\u201c priklauso to paties pavadinimo modulini\u0173 bald\u0173 \u0161eimai. Ji turi \u201eDolphin\u201c miegojimo funkcij\u0105, leid\u017eian\u010di\u0105 greitai ir lengvai transformuoti patogi\u0105 sof\u0105 \u012f erdvi\u0105 miegojimo viet\u0105. Patalyn\u0117 otlent\u0117s viduje suteikia papildomos vietos smulkiems daiktams laikyti. Baldas turi kont\u016bruot\u0105 atlo\u0161\u0105 ir reguliuojamas galvos atramas. D\u0117l didelio elastingumo HR put\u0173 ir vingiuot\u0173 spyruokli\u0173 s\u0117dyn\u0117je, be kit\u0173 savybi\u0173, \u0161is baldas yra ne tik patogus, bet ir labai patvarus. \u0160is gra\u017eus ir daugiafunkcis baldas si\u016blomas su pla\u010diu audini\u0173 asortimentu, kur\u012f galite rasti \u201eProduct Creator\u201c svetain\u0117je. Kampin\u0117 sofa yra de\u0161inin\u0117s ir kair\u0117s pus\u0117s.<\/p>","protected":false},"excerpt":{"rendered":"<p>Plotis: 274 cm<br \/>\nGylis: 210 cm<br \/>\nAuk\u0161tis: 91 cm<br \/>\nDid\u017eiausias auk\u0161tis: 104 cm<br \/>\nS\u0117dyn\u0117s gylis: 55 cm<\/p>","protected":false},"featured_media":222819,"comment_status":"open","ping_status":"closed","template":"","meta":[],"product_brand":[],"product_cat":[9133],"product_tag":[],"class_list":{"0":"post-222779","1":"product","2":"type-product","3":"status-publish","4":"has-post-thumbnail","6":"product_cat-grouped","8":"first","9":"instock","10":"shipping-taxable","11":"purchasable","12":"product-type-variable","13":"wvs-archive-product-wrapper"},"_links":{"self":[{"href":"https:\/\/baldumarket.lt\/lt\/wp-json\/wp\/v2\/product\/222779","targetHints":{"allow":["GET"]}}],"collection":[{"href":"https:\/\/baldumarket.lt\/lt\/wp-json\/wp\/v2\/product"}],"about":[{"href":"https:\/\/baldumarket.lt\/lt\/wp-json\/wp\/v2\/types\/product"}],"replies":[{"embeddable":true,"href":"https:\/\/baldumarket.lt\/lt\/wp-json\/wp\/v2\/comments?post=222779"}],"wp:featuredmedia":[{"embeddable":true,"href":"https:\/\/baldumarket.lt\/lt\/wp-json\/wp\/v2\/media\/222819"}],"wp:attachment":[{"href":"https:\/\/baldumarket.lt\/lt\/wp-json\/wp\/v2\/media?parent=222779"}],"wp:term":[{"taxonomy":"product_brand","embeddable":true,"href":"https:\/\/baldumarket.lt\/lt\/wp-json\/wp\/v2\/product_brand?post=222779"},{"taxonomy":"product_cat","embeddable":true,"href":"https:\/\/baldumarket.lt\/lt\/wp-json\/wp\/v2\/product_cat?post=222779"},{"taxonomy":"product_tag","embeddable":true,"href":"https:\/\/baldumarket.lt\/lt\/wp-json\/wp\/v2\/product_tag?post=222779"}],"curies":[{"name":"wp","href":"https:\/\/api.w.org\/{rel}","templated":true}]}}