{"id":222774,"date":"2025-12-28T00:20:09","date_gmt":"2025-12-27T21:20:09","guid":{"rendered":"https:\/\/baldumarket.lt\/?post_type=product&#038;p=222774"},"modified":"2026-02-03T23:10:39","modified_gmt":"2026-02-03T20:10:39","slug":"naroznik-sofia-funkcja-spania-pojemnik-regulowane-zaglowki","status":"publish","type":"product","link":"https:\/\/baldumarket.lt\/lt\/product\/naroznik-sofia-funkcja-spania-pojemnik-regulowane-zaglowki\/","title":{"rendered":"Sofija kampin\u0117 sofa, miegojimo funkcija, daiktad\u0117\u017e\u0117, reguliuojamos galvos atramos"},"content":{"rendered":"<p>Kampin\u0117 sofa \u201eSofia\u201c derina ergonomi\u0161k\u0105 dizain\u0105 su dideliu funkcionalumu ir buvo sukurta galvojant apie \u0161iuolaiki\u0161k\u0105, modern\u0173 interjer\u0105. Patraukl\u0173 dizain\u0105 pabr\u0117\u017eia apval\u016bs porankiai, subtilios si\u016bl\u0117s ir dygsniavimas. Kampin\u0117je sofoje yra \u201ePuma\u201c stiliaus miegojimo funkcija ir prakti\u0161ka patalyn\u0117s d\u0117\u017e\u0117. Daugiapakop\u0117 galvos atramos reguliavimo sistema leid\u017eia optimaliai pad\u0117tiai nustatyti pad\u0117t\u012f. Patogios s\u0117dyn\u0117s pagalv\u0117l\u0117s su vingiuotomis spyruokl\u0117mis ir didelio elastingumo putomis u\u017ebaigia i\u0161vaizd\u0105, tod\u0117l baldas yra patvarus ir labai patogus. Chromuotos kojel\u0117s pabr\u0117\u017eia modern\u0173 komplekto charakter\u012f. Kampin\u0117 sofa yra kair\u0117s ir de\u0161in\u0117s pus\u0117s versijos. Audini\u0173 pavyzd\u017eius galite rasti \u201eProduct Creator\u201c svetain\u0117je.<\/p>","protected":false},"excerpt":{"rendered":"<p>Kampin\u0117 sofa \u201eSofia\u201c derina ergonomi\u0161k\u0105 dizain\u0105 su dideliu funkcionalumu ir buvo sukurta galvojant apie \u0161iuolaiki\u0161k\u0105, modern\u0173 interjer\u0105. Patraukl\u0173 dizain\u0105 pabr\u0117\u017eia apval\u016bs porankiai ir subtilios si\u016bl\u0117s bei dygsniavimas. Kampin\u0117 sofa turi \u201ePuma\u201c stiliaus miegojimo funkcij\u0105 ir prakti\u0161k\u0105 patalyn\u0117s skyri\u0173. Daugiapakop\u0117 galvos atramos reguliavimo sistema leid\u017eia optimaliai nustatyti pad\u0117t\u012f. Patogi [\u2026]<\/p>","protected":false},"featured_media":222799,"comment_status":"open","ping_status":"closed","template":"","meta":[],"product_brand":[],"product_cat":[7906,616,1983],"product_tag":[],"class_list":{"0":"post-222774","1":"product","2":"type-product","3":"status-publish","4":"has-post-thumbnail","6":"product_cat-comforteo","7":"product_cat-corners","8":"product_cat-corners-l","10":"first","11":"instock","12":"shipping-taxable","13":"product-type-grouped"},"_links":{"self":[{"href":"https:\/\/baldumarket.lt\/lt\/wp-json\/wp\/v2\/product\/222774","targetHints":{"allow":["GET"]}}],"collection":[{"href":"https:\/\/baldumarket.lt\/lt\/wp-json\/wp\/v2\/product"}],"about":[{"href":"https:\/\/baldumarket.lt\/lt\/wp-json\/wp\/v2\/types\/product"}],"replies":[{"embeddable":true,"href":"https:\/\/baldumarket.lt\/lt\/wp-json\/wp\/v2\/comments?post=222774"}],"wp:featuredmedia":[{"embeddable":true,"href":"https:\/\/baldumarket.lt\/lt\/wp-json\/wp\/v2\/media\/222799"}],"wp:attachment":[{"href":"https:\/\/baldumarket.lt\/lt\/wp-json\/wp\/v2\/media?parent=222774"}],"wp:term":[{"taxonomy":"product_brand","embeddable":true,"href":"https:\/\/baldumarket.lt\/lt\/wp-json\/wp\/v2\/product_brand?post=222774"},{"taxonomy":"product_cat","embeddable":true,"href":"https:\/\/baldumarket.lt\/lt\/wp-json\/wp\/v2\/product_cat?post=222774"},{"taxonomy":"product_tag","embeddable":true,"href":"https:\/\/baldumarket.lt\/lt\/wp-json\/wp\/v2\/product_tag?post=222774"}],"curies":[{"name":"wp","href":"https:\/\/api.w.org\/{rel}","templated":true}]}}