{"id":222739,"date":"2025-12-28T00:18:01","date_gmt":"2025-12-27T21:18:01","guid":{"rendered":"https:\/\/baldumarket.lt\/?post_type=product&#038;p=222739"},"modified":"2026-02-03T23:10:42","modified_gmt":"2026-02-03T20:10:42","slug":"naroznik-tristan-gr1","status":"publish","type":"product","link":"https:\/\/baldumarket.lt\/lt\/product\/naroznik-tristan-gr1\/","title":{"rendered":"Tristan Gr1 kampin\u0117 sofa"},"content":{"rendered":"<p>Moderni, eleganti\u0161ka ir rafinuota kampin\u0117 sofa \u201eTristan\u201c puikiai papildys svetaines ir darbo erdves. Jos eleganti\u0161kas, modernus dizainas pabr\u0117\u0161 bet kokio interjero charakter\u012f. Ji labai patogi ir erdvi, kvie\u010dia atsipalaiduoti ir pails\u0117ti. Sofa turi dvi dekoratyvines pagalv\u0117les, pla\u010dius porankius ir stilingas juodas kojeles. B\u016bdinga juoda juostel\u0117 sofos apa\u010dioje yra pagaminta i\u0161 tamsaus audinio. Komplekt\u0105 galima \u012fsigyti i\u0161 \u012fvairi\u0173 apmu\u0161al\u0173 audini\u0173, kuriuos galite rasti \u201eProduct Creator\u201c svetain\u0117je. Sofa yra kair\u0117s ir de\u0161in\u0117s pus\u0117s.<\/p>","protected":false},"excerpt":{"rendered":"<p>Plotis: 293 cm<br \/>\nGylis: 200 cm<br \/>\nAuk\u0161tis: 87 cm<br \/>\nS\u0117dyn\u0117s gylis: 60 cm<br \/>\nS\u0117dyn\u0117s auk\u0161tis: 45 cm<\/p>","protected":false},"featured_media":222783,"comment_status":"open","ping_status":"closed","template":"","meta":[],"product_brand":[],"product_cat":[9133],"product_tag":[],"class_list":{"0":"post-222739","1":"product","2":"type-product","3":"status-publish","4":"has-post-thumbnail","6":"product_cat-grouped","8":"first","9":"instock","10":"shipping-taxable","11":"purchasable","12":"product-type-variable","13":"wvs-archive-product-wrapper"},"_links":{"self":[{"href":"https:\/\/baldumarket.lt\/lt\/wp-json\/wp\/v2\/product\/222739","targetHints":{"allow":["GET"]}}],"collection":[{"href":"https:\/\/baldumarket.lt\/lt\/wp-json\/wp\/v2\/product"}],"about":[{"href":"https:\/\/baldumarket.lt\/lt\/wp-json\/wp\/v2\/types\/product"}],"replies":[{"embeddable":true,"href":"https:\/\/baldumarket.lt\/lt\/wp-json\/wp\/v2\/comments?post=222739"}],"wp:featuredmedia":[{"embeddable":true,"href":"https:\/\/baldumarket.lt\/lt\/wp-json\/wp\/v2\/media\/222783"}],"wp:attachment":[{"href":"https:\/\/baldumarket.lt\/lt\/wp-json\/wp\/v2\/media?parent=222739"}],"wp:term":[{"taxonomy":"product_brand","embeddable":true,"href":"https:\/\/baldumarket.lt\/lt\/wp-json\/wp\/v2\/product_brand?post=222739"},{"taxonomy":"product_cat","embeddable":true,"href":"https:\/\/baldumarket.lt\/lt\/wp-json\/wp\/v2\/product_cat?post=222739"},{"taxonomy":"product_tag","embeddable":true,"href":"https:\/\/baldumarket.lt\/lt\/wp-json\/wp\/v2\/product_tag?post=222739"}],"curies":[{"name":"wp","href":"https:\/\/api.w.org\/{rel}","templated":true}]}}