{"id":222738,"date":"2025-12-28T00:18:00","date_gmt":"2025-12-27T21:18:00","guid":{"rendered":"https:\/\/baldumarket.lt\/?post_type=product&#038;p=222738"},"modified":"2026-02-03T23:10:42","modified_gmt":"2026-02-03T20:10:42","slug":"naroznik-vesta-funkcja-spania-pojemnik-regulowane-zaglowki","status":"publish","type":"product","link":"https:\/\/baldumarket.lt\/lt\/product\/naroznik-vesta-funkcja-spania-pojemnik-regulowane-zaglowki\/","title":{"rendered":"Vesta kampin\u0117 sofa su miegojimo funkcija, daiktad\u0117\u017ee, reguliuojamais galvos atlo\u0161ais"},"content":{"rendered":"<p>\u201eComforteo\u201c kampin\u0117 sofa \u201eVesta\u201c pabr\u0117\u017eia savo modern\u0173 charakter\u012f presti\u017ein\u0117mis si\u016bl\u0117mis ir dygsniavimu. Ji turi dideles, patogias, reguliuojamas galvos atramas, leid\u017eian\u010dias rasti patogiausi\u0105 pad\u0117t\u012f \u017ei\u016brint televizori\u0173 ar skaitant m\u0117gstam\u0105 knyg\u0105. Kampin\u0117 sofa turi populiari\u0105j\u0105 \u201eDolphin\u201c miegojimo funkcij\u0105, o pridedamame patalyn\u0117s skyriuje taip pat galima susid\u0117ti papildomas antklodes ir u\u017etiesalus. Visas baldas stovi ant gra\u017ei\u0173 metalini\u0173 kojeli\u0173, kurios gali b\u016bti juodos, sidabrin\u0117s arba auksin\u0117s spalvos. Sofa yra kair\u0117s arba de\u0161in\u0117s pus\u0117s, o apmu\u0161al\u0173 pasirinkimas \u2013 platus. Kampin\u0119 sof\u0105 reikia surinkti minimaliai.<\/p>","protected":false},"excerpt":{"rendered":"<p>The Vesta corner sofa from Comforteo emphasizes its modern character with prestigious stitching and quilting. It features large, comfortable, adjustable headrests, allowing you to find the most comfortable position while watching TV or reading your favorite book. The corner sofa features the popular Dolphin sleeping function, and the included bedding compartment can also accommodate additional [&hellip;]<\/p>","protected":false},"featured_media":222757,"comment_status":"open","ping_status":"closed","template":"","meta":[],"product_brand":[],"product_cat":[7906,616,1983],"product_tag":[],"class_list":{"0":"post-222738","1":"product","2":"type-product","3":"status-publish","4":"has-post-thumbnail","6":"product_cat-comforteo","7":"product_cat-corners","8":"product_cat-corners-l","10":"first","11":"instock","12":"shipping-taxable","13":"product-type-grouped"},"_links":{"self":[{"href":"https:\/\/baldumarket.lt\/lt\/wp-json\/wp\/v2\/product\/222738","targetHints":{"allow":["GET"]}}],"collection":[{"href":"https:\/\/baldumarket.lt\/lt\/wp-json\/wp\/v2\/product"}],"about":[{"href":"https:\/\/baldumarket.lt\/lt\/wp-json\/wp\/v2\/types\/product"}],"replies":[{"embeddable":true,"href":"https:\/\/baldumarket.lt\/lt\/wp-json\/wp\/v2\/comments?post=222738"}],"wp:featuredmedia":[{"embeddable":true,"href":"https:\/\/baldumarket.lt\/lt\/wp-json\/wp\/v2\/media\/222757"}],"wp:attachment":[{"href":"https:\/\/baldumarket.lt\/lt\/wp-json\/wp\/v2\/media?parent=222738"}],"wp:term":[{"taxonomy":"product_brand","embeddable":true,"href":"https:\/\/baldumarket.lt\/lt\/wp-json\/wp\/v2\/product_brand?post=222738"},{"taxonomy":"product_cat","embeddable":true,"href":"https:\/\/baldumarket.lt\/lt\/wp-json\/wp\/v2\/product_cat?post=222738"},{"taxonomy":"product_tag","embeddable":true,"href":"https:\/\/baldumarket.lt\/lt\/wp-json\/wp\/v2\/product_tag?post=222738"}],"curies":[{"name":"wp","href":"https:\/\/api.w.org\/{rel}","templated":true}]}}