{"id":222708,"date":"2025-12-28T00:16:02","date_gmt":"2025-12-27T21:16:02","guid":{"rendered":"https:\/\/baldumarket.lt\/?post_type=product&#038;p=222708"},"modified":"2026-02-03T23:10:43","modified_gmt":"2026-02-03T20:10:43","slug":"sofa-bolero-funkcja-spania-pojemnik-gr3","status":"publish","type":"product","link":"https:\/\/baldumarket.lt\/lt\/product\/sofa-bolero-funkcja-spania-pojemnik-gr3\/","title":{"rendered":"Bolero sofa, miegojimo funkcija, Gr3 konteineris"},"content":{"rendered":"<p>\u017davingai eleganti\u0161ka ir ne\u012ftik\u0117tinai patogi \u201eComforteo\u201c \u201eBolero\u201c sofa pasi\u017eymi s\u0117dyn\u0117s pagalv\u0117l\u0117mis, u\u017epildytomis vingiuotomis spyruokl\u0117mis, \u201eBonnell\u201c spyruokl\u0117mis ir HR tipo didelio elastingumo putomis (PUR sistema). \u0160is sprendimas garantuoja patog\u0173 poils\u012f ir ram\u0173 mieg\u0105. Sofa turi kasdienio DL miego funkcij\u0105, leid\u017eian\u010di\u0105 lengvai ir patogiai transformuoti patogi\u0105 sof\u0105 \u012f erdvi\u0105 viet\u0105 tiek nakties, tiek dienos poilsiui. Prakti\u0161kame ir erdviame patalyn\u0117s skyriuje taip pat galima susid\u0117ti papildomus daiktus i\u0161 spintos ir komodos. Subtiliai si\u016btos ir dygsniuotos s\u0117dyn\u0117s ir atlo\u0161o pagalv\u0117l\u0117s, taip pat porankiai su apvadais pabr\u0117\u017eia modern\u0173 bald\u0173 charakter\u012f ir suteikia presti\u017einio elegancijos akcent\u0105. Sofa stovi ant tiesi\u0173 juod\u0173 metalini\u0173 koj\u0173. Sofa si\u016bloma su pla\u010diu apmu\u0161al\u0173 audini\u0173 pasirinkimu, kur\u012f galite rasti pas produkt\u0173 k\u016br\u0117j\u0105.<\/p>","protected":false},"excerpt":{"rendered":"<p>Plotis: 215 cm<br \/>\nGylis: 98 cm<br \/>\nAuk\u0161tis: 95 cm<br \/>\nS\u0117dyn\u0117s auk\u0161tis: 44 cm<br \/>\nMiegamasis plotas: 141 \u00d7 191 cm<\/p>","protected":false},"featured_media":222747,"comment_status":"open","ping_status":"closed","template":"","meta":[],"product_brand":[],"product_cat":[9133],"product_tag":[],"class_list":{"0":"post-222708","1":"product","2":"type-product","3":"status-publish","4":"has-post-thumbnail","6":"product_cat-grouped","8":"first","9":"instock","10":"shipping-taxable","11":"purchasable","12":"product-type-variable","13":"wvs-archive-product-wrapper"},"_links":{"self":[{"href":"https:\/\/baldumarket.lt\/lt\/wp-json\/wp\/v2\/product\/222708","targetHints":{"allow":["GET"]}}],"collection":[{"href":"https:\/\/baldumarket.lt\/lt\/wp-json\/wp\/v2\/product"}],"about":[{"href":"https:\/\/baldumarket.lt\/lt\/wp-json\/wp\/v2\/types\/product"}],"replies":[{"embeddable":true,"href":"https:\/\/baldumarket.lt\/lt\/wp-json\/wp\/v2\/comments?post=222708"}],"wp:featuredmedia":[{"embeddable":true,"href":"https:\/\/baldumarket.lt\/lt\/wp-json\/wp\/v2\/media\/222747"}],"wp:attachment":[{"href":"https:\/\/baldumarket.lt\/lt\/wp-json\/wp\/v2\/media?parent=222708"}],"wp:term":[{"taxonomy":"product_brand","embeddable":true,"href":"https:\/\/baldumarket.lt\/lt\/wp-json\/wp\/v2\/product_brand?post=222708"},{"taxonomy":"product_cat","embeddable":true,"href":"https:\/\/baldumarket.lt\/lt\/wp-json\/wp\/v2\/product_cat?post=222708"},{"taxonomy":"product_tag","embeddable":true,"href":"https:\/\/baldumarket.lt\/lt\/wp-json\/wp\/v2\/product_tag?post=222708"}],"curies":[{"name":"wp","href":"https:\/\/api.w.org\/{rel}","templated":true}]}}