{"id":222701,"date":"2025-12-28T00:15:21","date_gmt":"2025-12-27T21:15:21","guid":{"rendered":"https:\/\/baldumarket.lt\/?post_type=product&#038;p=222701"},"modified":"2026-02-03T23:10:43","modified_gmt":"2026-02-03T20:10:43","slug":"sofa-delanto-wloska-funkcja-spania-gr5","status":"publish","type":"product","link":"https:\/\/baldumarket.lt\/lt\/product\/sofa-delanto-wloska-funkcja-spania-gr5\/","title":{"rendered":"Delanto sofa, itali\u0161ka miegojimo funkcija Gr5"},"content":{"rendered":"<p>Ie\u0161kote sofos, kuri \u017eav\u0117t\u0173 savo stiliumi ir tikt\u0173 kasdieniam naudojimui? \u201eDelanto Comforteo\u201c sofa \u2013 tai unikalus klasikin\u0117s elegancijos ir modernaus funkcionalumo derinys. Harmoningas dizainas, rafinuotos detal\u0117s ir subalansuotos proporcijos puikiai tinka tiek jaukiai svetainei, tiek moderniam butui.<\/p>","protected":false},"excerpt":{"rendered":"<p>Plotis: 193 cm<br \/>\nGylis: 96 cm<br \/>\nAuk\u0161tis: 94 cm<br \/>\nS\u0117dyn\u0117s gylis: 60 cm<br \/>\nS\u0117dyn\u0117s auk\u0161tis: 45 cm<\/p>","protected":false},"featured_media":222722,"comment_status":"open","ping_status":"closed","template":"","meta":[],"product_brand":[],"product_cat":[9133],"product_tag":[],"class_list":{"0":"post-222701","1":"product","2":"type-product","3":"status-publish","4":"has-post-thumbnail","6":"product_cat-grouped","8":"first","9":"instock","10":"shipping-taxable","11":"purchasable","12":"product-type-variable","13":"wvs-archive-product-wrapper"},"_links":{"self":[{"href":"https:\/\/baldumarket.lt\/lt\/wp-json\/wp\/v2\/product\/222701","targetHints":{"allow":["GET"]}}],"collection":[{"href":"https:\/\/baldumarket.lt\/lt\/wp-json\/wp\/v2\/product"}],"about":[{"href":"https:\/\/baldumarket.lt\/lt\/wp-json\/wp\/v2\/types\/product"}],"replies":[{"embeddable":true,"href":"https:\/\/baldumarket.lt\/lt\/wp-json\/wp\/v2\/comments?post=222701"}],"wp:featuredmedia":[{"embeddable":true,"href":"https:\/\/baldumarket.lt\/lt\/wp-json\/wp\/v2\/media\/222722"}],"wp:attachment":[{"href":"https:\/\/baldumarket.lt\/lt\/wp-json\/wp\/v2\/media?parent=222701"}],"wp:term":[{"taxonomy":"product_brand","embeddable":true,"href":"https:\/\/baldumarket.lt\/lt\/wp-json\/wp\/v2\/product_brand?post=222701"},{"taxonomy":"product_cat","embeddable":true,"href":"https:\/\/baldumarket.lt\/lt\/wp-json\/wp\/v2\/product_cat?post=222701"},{"taxonomy":"product_tag","embeddable":true,"href":"https:\/\/baldumarket.lt\/lt\/wp-json\/wp\/v2\/product_tag?post=222701"}],"curies":[{"name":"wp","href":"https:\/\/api.w.org\/{rel}","templated":true}]}}