{"id":222668,"date":"2025-12-28T00:13:57","date_gmt":"2025-12-27T21:13:57","guid":{"rendered":"https:\/\/baldumarket.lt\/?post_type=product&#038;p=222668"},"modified":"2026-02-03T23:10:45","modified_gmt":"2026-02-03T20:10:45","slug":"sofa-eliot-funkcja-spania-pojemnik-gr1","status":"publish","type":"product","link":"https:\/\/baldumarket.lt\/lt\/product\/sofa-eliot-funkcja-spania-pojemnik-gr1\/","title":{"rendered":"Eliot sofa, miegojimo funkcija, Gr1 konteineris"},"content":{"rendered":"<p>\u201eEliot\u201c sofa turi DL miegam\u0105j\u0105 dal\u012f, kuri atsidaro automati\u0161kai. Sofos apa\u010dioje esantis patalyn\u0117s skyrius suteikia papildomos vietos smulkiems daiktams laikyti. S\u0117dyn\u0117s pagalv\u0117l\u0117s apr\u016bpintos \u201eLux\u201c sistema, kuri sujungia vingiuotas ir \u201eBonnell\u201c spyruokles su didelio elastingumo putomis. Toks i\u0161d\u0117stymas u\u017etikrina patog\u0173 naudojim\u0105 ir padeda sofai i\u0161laikyti savo form\u0105 daugel\u012f met\u0173. Ovalios pagalv\u0117l\u0117s, kurios veikia kaip papildomi porankiai, pabr\u0117\u017eia \u0161ios sofos-lovos charakter\u012f. Visa sofa stovi ant juod\u0173 metalini\u0173 kojeli\u0173. Sofa si\u016bloma su \u012fvairiais apmu\u0161al\u0173 audiniais. Audini\u0173 pavyzd\u017eiai yra \u012ftraukti \u012f gaminio vedl\u012f. Sof\u0105 reikia surinkti minimaliai.<\/p>","protected":false},"excerpt":{"rendered":"<p>Plotis: 213 cm<br \/>\nGylis: 98 cm<br \/>\nAuk\u0161tis: 90 cm<br \/>\nMiego funkcija: DL tipo<br \/>\nPatalyn\u0117 daiktams laikyti: Taip<\/p>","protected":false},"featured_media":222712,"comment_status":"open","ping_status":"closed","template":"","meta":[],"product_brand":[],"product_cat":[9133],"product_tag":[],"class_list":{"0":"post-222668","1":"product","2":"type-product","3":"status-publish","4":"has-post-thumbnail","6":"product_cat-grouped","8":"first","9":"instock","10":"shipping-taxable","11":"purchasable","12":"product-type-variable","13":"wvs-archive-product-wrapper"},"_links":{"self":[{"href":"https:\/\/baldumarket.lt\/lt\/wp-json\/wp\/v2\/product\/222668","targetHints":{"allow":["GET"]}}],"collection":[{"href":"https:\/\/baldumarket.lt\/lt\/wp-json\/wp\/v2\/product"}],"about":[{"href":"https:\/\/baldumarket.lt\/lt\/wp-json\/wp\/v2\/types\/product"}],"replies":[{"embeddable":true,"href":"https:\/\/baldumarket.lt\/lt\/wp-json\/wp\/v2\/comments?post=222668"}],"wp:featuredmedia":[{"embeddable":true,"href":"https:\/\/baldumarket.lt\/lt\/wp-json\/wp\/v2\/media\/222712"}],"wp:attachment":[{"href":"https:\/\/baldumarket.lt\/lt\/wp-json\/wp\/v2\/media?parent=222668"}],"wp:term":[{"taxonomy":"product_brand","embeddable":true,"href":"https:\/\/baldumarket.lt\/lt\/wp-json\/wp\/v2\/product_brand?post=222668"},{"taxonomy":"product_cat","embeddable":true,"href":"https:\/\/baldumarket.lt\/lt\/wp-json\/wp\/v2\/product_cat?post=222668"},{"taxonomy":"product_tag","embeddable":true,"href":"https:\/\/baldumarket.lt\/lt\/wp-json\/wp\/v2\/product_tag?post=222668"}],"curies":[{"name":"wp","href":"https:\/\/api.w.org\/{rel}","templated":true}]}}