{"id":222667,"date":"2025-12-28T00:13:56","date_gmt":"2025-12-27T21:13:56","guid":{"rendered":"https:\/\/baldumarket.lt\/?post_type=product&#038;p=222667"},"modified":"2026-02-03T23:10:46","modified_gmt":"2026-02-03T20:10:46","slug":"sofa-hugo-funkcja-spania-pojemnik","status":"publish","type":"product","link":"https:\/\/baldumarket.lt\/lt\/product\/sofa-hugo-funkcja-spania-pojemnik\/","title":{"rendered":"Hugo sofa, miegojimo funkcija, konteineris"},"content":{"rendered":"<p>\u201eHugo\u201c atlo\u0161iama sofa buvo sukurta galvojant apie \u0161iuolaikin\u012f interjer\u0105. Ji pasi\u017eymi madingomis, vertikaliai dygsniuotomis pagalv\u0117l\u0117mis, kurios kontrastuoja su eleganti\u0161kais porankiais. Sofa stovi ant juod\u0173 medini\u0173 kojeli\u0173 su \u017ealvario akcentais. Sofa turi DL miegojimo funkcij\u0105. Patogi\u0105 sof\u0105 paversti erdvia vieta poilsiui nakt\u012f ir dien\u0105 padeda special\u016bs automatiniai i\u0161skleidimo mechanizmai, kuriems reikia minimalios j\u0117gos. Sofa apr\u016bpinta patogia \u201eLux\u201c put\u0173 ir spyruokli\u0173 sistema, u\u017etikrinan\u010dia auk\u0161t\u0105 komfort\u0105. J\u0105 sudaro vingiuotos spyruokl\u0117s, \u201eBonnell\u201c spyruokl\u0117s ir labai elastingi HR putplas\u010diai, esantys s\u0117dyn\u0117je. Sofa gali b\u016bti su \u012fvairiomis apmu\u0161al\u0173 med\u017eiagomis ir reikalauja minimalaus surinkimo. Audinio pavyzd\u012f galite rasti \u201eProduct Creator\u201c svetain\u0117je.<\/p>","protected":false},"excerpt":{"rendered":"<p>\u201eHugo\u201c atlo\u0161iama sofa buvo sukurta galvojant apie \u0161iuolaikin\u012f interjer\u0105. Ji pasi\u017eymi madingomis, vertikaliai dygsniuotomis pagalv\u0117l\u0117mis, kurios kontrastuoja su eleganti\u0161kais porankiais. Sofa stovi ant juod\u0173 medini\u0173 kojeli\u0173 su \u017ealvario akcentais. Sofa turi DL miegojimo funkcij\u0105. Patogios sofos pavertimo erdvia vieta nak\u010diai ir dienai procesas [\u2026]<\/p>","protected":false},"featured_media":222687,"comment_status":"open","ping_status":"closed","template":"","meta":[],"product_brand":[],"product_cat":[7906,560],"product_tag":[],"class_list":{"0":"post-222667","1":"product","2":"type-product","3":"status-publish","4":"has-post-thumbnail","6":"product_cat-comforteo","7":"product_cat-sofas-and-couches","9":"first","10":"instock","11":"shipping-taxable","12":"product-type-grouped"},"_links":{"self":[{"href":"https:\/\/baldumarket.lt\/lt\/wp-json\/wp\/v2\/product\/222667","targetHints":{"allow":["GET"]}}],"collection":[{"href":"https:\/\/baldumarket.lt\/lt\/wp-json\/wp\/v2\/product"}],"about":[{"href":"https:\/\/baldumarket.lt\/lt\/wp-json\/wp\/v2\/types\/product"}],"replies":[{"embeddable":true,"href":"https:\/\/baldumarket.lt\/lt\/wp-json\/wp\/v2\/comments?post=222667"}],"wp:featuredmedia":[{"embeddable":true,"href":"https:\/\/baldumarket.lt\/lt\/wp-json\/wp\/v2\/media\/222687"}],"wp:attachment":[{"href":"https:\/\/baldumarket.lt\/lt\/wp-json\/wp\/v2\/media?parent=222667"}],"wp:term":[{"taxonomy":"product_brand","embeddable":true,"href":"https:\/\/baldumarket.lt\/lt\/wp-json\/wp\/v2\/product_brand?post=222667"},{"taxonomy":"product_cat","embeddable":true,"href":"https:\/\/baldumarket.lt\/lt\/wp-json\/wp\/v2\/product_cat?post=222667"},{"taxonomy":"product_tag","embeddable":true,"href":"https:\/\/baldumarket.lt\/lt\/wp-json\/wp\/v2\/product_tag?post=222667"}],"curies":[{"name":"wp","href":"https:\/\/api.w.org\/{rel}","templated":true}]}}