{"id":222632,"date":"2025-12-28T00:11:51","date_gmt":"2025-12-27T21:11:51","guid":{"rendered":"https:\/\/baldumarket.lt\/?post_type=product&#038;p=222632"},"modified":"2026-02-03T23:10:47","modified_gmt":"2026-02-03T20:10:47","slug":"sofa-ikaria-funkcja-spania-pojemnik-gr1","status":"publish","type":"product","link":"https:\/\/baldumarket.lt\/lt\/product\/sofa-ikaria-funkcja-spania-pojemnik-gr1\/","title":{"rendered":"Ikaria sofa, miegojimo funkcija, Gr1 konteineris"},"content":{"rendered":"<p>\u201eIkaria\u201c sofa traukia d\u0117mes\u012f gausiai dygsniuota atlo\u0161u, sukurian\u010dia i\u0161skirtin\u012f \u201ecaro\u201c vaizd\u0105. Ji turi DL miegojimo funkcij\u0105 ir prakti\u0161k\u0105 patalyn\u0117s skyri\u0173, kuriame galima laikyti papildom\u0105 antklod\u0119 ar u\u017etiesal\u0105. Sofoje yra pa\u017eangios s\u0117dyn\u0117s pagalv\u0117l\u0117s, pagamintos naudojant \u201eLux System\u201c sistem\u0105, kurioje naudojamos \u201eBonnell\u201c spyruokl\u0117s, banguotos spyruokl\u0117s ir didelio elastingumo HR putplastis. \u0160is sprendimas daro sof\u0105 labai patogi\u0105 ir patvari\u0105. Sof\u0105 galima \u012fsigyti su \u012fvairiomis apmu\u0161al\u0173 med\u017eiagomis. Audinio pavyzdys yra \u012ftrauktas \u012f gaminio vedl\u012f. Bald\u0105 reikia surinkti minimaliai.<\/p>","protected":false},"excerpt":{"rendered":"<p>Plotis: 214 cm<br \/>\nGylis: 95 cm<br \/>\nAuk\u0161tis: 90 cm<br \/>\nS\u0117dyn\u0117s gylis: 54 cm<br \/>\nS\u0117dyn\u0117s auk\u0161tis: 45 cm<\/p>","protected":false},"featured_media":222676,"comment_status":"open","ping_status":"closed","template":"","meta":[],"product_brand":[],"product_cat":[9133],"product_tag":[],"class_list":{"0":"post-222632","1":"product","2":"type-product","3":"status-publish","4":"has-post-thumbnail","6":"product_cat-grouped","8":"first","9":"instock","10":"shipping-taxable","11":"purchasable","12":"product-type-variable","13":"wvs-archive-product-wrapper"},"_links":{"self":[{"href":"https:\/\/baldumarket.lt\/lt\/wp-json\/wp\/v2\/product\/222632","targetHints":{"allow":["GET"]}}],"collection":[{"href":"https:\/\/baldumarket.lt\/lt\/wp-json\/wp\/v2\/product"}],"about":[{"href":"https:\/\/baldumarket.lt\/lt\/wp-json\/wp\/v2\/types\/product"}],"replies":[{"embeddable":true,"href":"https:\/\/baldumarket.lt\/lt\/wp-json\/wp\/v2\/comments?post=222632"}],"wp:featuredmedia":[{"embeddable":true,"href":"https:\/\/baldumarket.lt\/lt\/wp-json\/wp\/v2\/media\/222676"}],"wp:attachment":[{"href":"https:\/\/baldumarket.lt\/lt\/wp-json\/wp\/v2\/media?parent=222632"}],"wp:term":[{"taxonomy":"product_brand","embeddable":true,"href":"https:\/\/baldumarket.lt\/lt\/wp-json\/wp\/v2\/product_brand?post=222632"},{"taxonomy":"product_cat","embeddable":true,"href":"https:\/\/baldumarket.lt\/lt\/wp-json\/wp\/v2\/product_cat?post=222632"},{"taxonomy":"product_tag","embeddable":true,"href":"https:\/\/baldumarket.lt\/lt\/wp-json\/wp\/v2\/product_tag?post=222632"}],"curies":[{"name":"wp","href":"https:\/\/api.w.org\/{rel}","templated":true}]}}