{"id":222631,"date":"2025-12-28T00:11:49","date_gmt":"2025-12-27T21:11:49","guid":{"rendered":"https:\/\/baldumarket.lt\/?post_type=product&#038;p=222631"},"modified":"2026-02-03T23:10:47","modified_gmt":"2026-02-03T20:10:47","slug":"sofa-laguna-funkcja-spania-pojemnik","status":"publish","type":"product","link":"https:\/\/baldumarket.lt\/lt\/product\/sofa-laguna-funkcja-spania-pojemnik\/","title":{"rendered":"Laguna sofa, miegojimo funkcija, konteineris"},"content":{"rendered":"<p>\u201eLaguna\u201c sofa \u2013 tai modernus baldas su stipriu klasikiniu prieskoniu. Ji pasi\u017eymi plonais porankiais ir i\u0161lenktomis atlo\u0161o pagalv\u0117l\u0117mis. S\u0117dyn\u0117s pagalv\u0117l\u0117s pagamintos naudojant \u201eLux System\u201c sistem\u0105 \u2013 vingiuot\u0173 spyruokli\u0173, \u201eBonnell\u201c spyruokli\u0173 ir didelio elastingumo HR put\u0173 derin\u012f. \u0160is sprendimas garantuoja auk\u0161t\u0105 komfort\u0105 ir ilgaam\u017ei\u0161kum\u0105. Sofa taip pat turi DL miegojimo funkcij\u0105, kuri reguliuojama automati\u0161kai. Sofos patalyn\u0117s skyrius suteikia papildomos vietos daiktams susid\u0117ti namuose. Joje taip pat galima laikyti papildom\u0105 antklod\u0119 ir u\u017etiesal\u0105. Visas baldas stovi ant plon\u0173 juod\u0173 medini\u0173 kojeli\u0173 su metalin\u0117mis detal\u0117mis. Sofa si\u016bloma su \u012fvairiais apmu\u0161al\u0173 audiniais. Audini\u0173 pavyzd\u017eiai yra \u012ftraukti \u012f produkto k\u016br\u0117j\u0105.<\/p>\n<p>\u0160iam baldui reikia trumpo, savaranki\u0161ko surinkimo proceso.<\/p>","protected":false},"excerpt":{"rendered":"<p>\u201eLaguna\u201c sofa \u2013 tai modernus baldas su ry\u0161kiu klasikiniu prisilietimu. Ji pasi\u017eymi plonais porankiais ir i\u0161lenktomis atlo\u0161o pagalv\u0117l\u0117mis. S\u0117dyn\u0117s pagalv\u0117l\u0117s pagamintos naudojant \u201eLux System\u201c \u2013 vingiuot\u0173 spyruokli\u0173, \u201eBonnell\u201c spyruokli\u0173 ir didelio elastingumo HR put\u0173 derin\u012f. \u0160is sprendimas garantuoja auk\u0161t\u0105 komfort\u0105 ir ilgaam\u017ei\u0161kum\u0105. Sofa taip pat turi DL [\u2026]<\/p>","protected":false},"featured_media":222650,"comment_status":"open","ping_status":"closed","template":"","meta":[],"product_brand":[],"product_cat":[7906,560],"product_tag":[],"class_list":{"0":"post-222631","1":"product","2":"type-product","3":"status-publish","4":"has-post-thumbnail","6":"product_cat-comforteo","7":"product_cat-sofas-and-couches","9":"first","10":"instock","11":"shipping-taxable","12":"product-type-grouped"},"_links":{"self":[{"href":"https:\/\/baldumarket.lt\/lt\/wp-json\/wp\/v2\/product\/222631","targetHints":{"allow":["GET"]}}],"collection":[{"href":"https:\/\/baldumarket.lt\/lt\/wp-json\/wp\/v2\/product"}],"about":[{"href":"https:\/\/baldumarket.lt\/lt\/wp-json\/wp\/v2\/types\/product"}],"replies":[{"embeddable":true,"href":"https:\/\/baldumarket.lt\/lt\/wp-json\/wp\/v2\/comments?post=222631"}],"wp:featuredmedia":[{"embeddable":true,"href":"https:\/\/baldumarket.lt\/lt\/wp-json\/wp\/v2\/media\/222650"}],"wp:attachment":[{"href":"https:\/\/baldumarket.lt\/lt\/wp-json\/wp\/v2\/media?parent=222631"}],"wp:term":[{"taxonomy":"product_brand","embeddable":true,"href":"https:\/\/baldumarket.lt\/lt\/wp-json\/wp\/v2\/product_brand?post=222631"},{"taxonomy":"product_cat","embeddable":true,"href":"https:\/\/baldumarket.lt\/lt\/wp-json\/wp\/v2\/product_cat?post=222631"},{"taxonomy":"product_tag","embeddable":true,"href":"https:\/\/baldumarket.lt\/lt\/wp-json\/wp\/v2\/product_tag?post=222631"}],"curies":[{"name":"wp","href":"https:\/\/api.w.org\/{rel}","templated":true}]}}