{"id":222613,"date":"2025-12-28T00:10:29","date_gmt":"2025-12-27T21:10:29","guid":{"rendered":"https:\/\/baldumarket.lt\/?post_type=product&#038;p=222613"},"modified":"2026-02-03T23:10:48","modified_gmt":"2026-02-03T20:10:48","slug":"sofa-loretto-funkcja-spania","status":"publish","type":"product","link":"https:\/\/baldumarket.lt\/lt\/product\/sofa-loretto-funkcja-spania\/","title":{"rendered":"Loretto sofa su miegojimo funkcija"},"content":{"rendered":"<p>\u201eComforteo\u201c \u201eLoretto\u201c sofa turi \u201ePuma\u201c kasdienio miegojimo funkcij\u0105, leid\u017eian\u010di\u0105 greitai ir lengvai susikurti erdvi\u0105 ir labai patogi\u0105 erdv\u0119 poilsiui tiek dien\u0105, tiek nakt\u012f. Komplektas traukia d\u0117mes\u012f dideliais atlo\u0161ais ir s\u0117dyn\u0117s pagalv\u0117l\u0117mis, kuri\u0173 vidus apr\u016bpintas vingiuotomis spyruokl\u0117mis ir didelio elastingumo putomis. Sofa si\u016bloma su \u012fvairiais dekoratyviniais audiniais, kuri\u0173 pavyzd\u017eius rasite gaminio k\u016br\u0117jo dokumente. J\u0105 surinkti reikia minimaliai.<\/p>","protected":false},"excerpt":{"rendered":"<p>\u201eComforteo\u201c \u201eLoretto\u201c sofa turi \u201ePuma\u201c kasdienio miegojimo funkcij\u0105, leid\u017eian\u010di\u0105 greitai ir lengvai susikurti erdvi\u0105 ir labai patogi\u0105 erdv\u0119 poilsiui tiek nakt\u012f, tiek dien\u0105. Komplektas traukia d\u0117mes\u012f dideliais atlo\u0161ais ir s\u0117dyn\u0117s pagalv\u0117l\u0117mis, kuri\u0173 vidus apr\u016bpintas vingiuotomis spyruokl\u0117mis ir didelio elastingumo putomis. Sofa yra prieinama [\u2026]<\/p>","protected":false},"featured_media":222640,"comment_status":"open","ping_status":"closed","template":"","meta":[],"product_brand":[],"product_cat":[7906,560],"product_tag":[],"class_list":{"0":"post-222613","1":"product","2":"type-product","3":"status-publish","4":"has-post-thumbnail","6":"product_cat-comforteo","7":"product_cat-sofas-and-couches","9":"first","10":"instock","11":"shipping-taxable","12":"product-type-grouped"},"_links":{"self":[{"href":"https:\/\/baldumarket.lt\/lt\/wp-json\/wp\/v2\/product\/222613","targetHints":{"allow":["GET"]}}],"collection":[{"href":"https:\/\/baldumarket.lt\/lt\/wp-json\/wp\/v2\/product"}],"about":[{"href":"https:\/\/baldumarket.lt\/lt\/wp-json\/wp\/v2\/types\/product"}],"replies":[{"embeddable":true,"href":"https:\/\/baldumarket.lt\/lt\/wp-json\/wp\/v2\/comments?post=222613"}],"wp:featuredmedia":[{"embeddable":true,"href":"https:\/\/baldumarket.lt\/lt\/wp-json\/wp\/v2\/media\/222640"}],"wp:attachment":[{"href":"https:\/\/baldumarket.lt\/lt\/wp-json\/wp\/v2\/media?parent=222613"}],"wp:term":[{"taxonomy":"product_brand","embeddable":true,"href":"https:\/\/baldumarket.lt\/lt\/wp-json\/wp\/v2\/product_brand?post=222613"},{"taxonomy":"product_cat","embeddable":true,"href":"https:\/\/baldumarket.lt\/lt\/wp-json\/wp\/v2\/product_cat?post=222613"},{"taxonomy":"product_tag","embeddable":true,"href":"https:\/\/baldumarket.lt\/lt\/wp-json\/wp\/v2\/product_tag?post=222613"}],"curies":[{"name":"wp","href":"https:\/\/api.w.org\/{rel}","templated":true}]}}