{"id":222595,"date":"2025-12-28T00:09:50","date_gmt":"2025-12-27T21:09:50","guid":{"rendered":"https:\/\/baldumarket.lt\/?post_type=product&#038;p=222595"},"modified":"2026-02-03T23:10:49","modified_gmt":"2026-02-03T20:10:49","slug":"sofa-nelson-funkcja-spania-pojemnik","status":"publish","type":"product","link":"https:\/\/baldumarket.lt\/lt\/product\/sofa-nelson-funkcja-spania-pojemnik\/","title":{"rendered":"Nelsono sofa, miegojimo funkcija, konteineris"},"content":{"rendered":"<p>\u2019Nelson\u201c sofa pasi\u017eymi moderniu, minimalistiniu stiliumi. Jos atlo\u0161o pagalv\u0117l\u0117s yra horizontaliai dygsniuotos, o porankiai \u2013 siauri. D\u0117l vidutini\u0173 matmen\u0173 ji puikiai tinka net ir ma\u017eose erdv\u0117se. Sofoje yra patalyn\u0117s skyrius ir miegojimo funkcija su automatiniais spyruokliniais mechanizmais. Apatin\u0117je dalyje yra medin\u0117s kojel\u0117s, kurias galima \u012fsigyti keli\u0173 populiari\u0173 spalv\u0173. Koj\u0173 spalv\u0173 ir apmu\u0161al\u0173 pavyzd\u017ei\u0173 galite rasti gamini\u0173 vedlyje. \u201eNelson\u201c sof\u0105-mieglent\u0119 reikia surinkti minimaliai.<\/p>","protected":false},"excerpt":{"rendered":"<p>Nelson sofa pasi\u017eymi moderniu, minimalistiniu stiliumi. Jos atlo\u0161o pagalv\u0117l\u0117s yra horizontaliai dygsniuotos, o porankiai \u2013 siauri. D\u0117l vidutini\u0173 matmen\u0173 ji puikiai tinka net ir ma\u017eose erdv\u0117se. Sofoje yra patalyn\u0117s skyrius ir miegojimo funkcija su automatiniais spyruokliniais mechanizmais. Apatin\u0117je dalyje yra medin\u0117s [\u2026]<\/p>","protected":false},"featured_media":222615,"comment_status":"open","ping_status":"closed","template":"","meta":[],"product_brand":[],"product_cat":[7906,560],"product_tag":[],"class_list":{"0":"post-222595","1":"product","2":"type-product","3":"status-publish","4":"has-post-thumbnail","6":"product_cat-comforteo","7":"product_cat-sofas-and-couches","9":"first","10":"instock","11":"shipping-taxable","12":"product-type-grouped"},"_links":{"self":[{"href":"https:\/\/baldumarket.lt\/lt\/wp-json\/wp\/v2\/product\/222595","targetHints":{"allow":["GET"]}}],"collection":[{"href":"https:\/\/baldumarket.lt\/lt\/wp-json\/wp\/v2\/product"}],"about":[{"href":"https:\/\/baldumarket.lt\/lt\/wp-json\/wp\/v2\/types\/product"}],"replies":[{"embeddable":true,"href":"https:\/\/baldumarket.lt\/lt\/wp-json\/wp\/v2\/comments?post=222595"}],"wp:featuredmedia":[{"embeddable":true,"href":"https:\/\/baldumarket.lt\/lt\/wp-json\/wp\/v2\/media\/222615"}],"wp:attachment":[{"href":"https:\/\/baldumarket.lt\/lt\/wp-json\/wp\/v2\/media?parent=222595"}],"wp:term":[{"taxonomy":"product_brand","embeddable":true,"href":"https:\/\/baldumarket.lt\/lt\/wp-json\/wp\/v2\/product_brand?post=222595"},{"taxonomy":"product_cat","embeddable":true,"href":"https:\/\/baldumarket.lt\/lt\/wp-json\/wp\/v2\/product_cat?post=222595"},{"taxonomy":"product_tag","embeddable":true,"href":"https:\/\/baldumarket.lt\/lt\/wp-json\/wp\/v2\/product_tag?post=222595"}],"curies":[{"name":"wp","href":"https:\/\/api.w.org\/{rel}","templated":true}]}}