{"id":222560,"date":"2025-12-28T00:07:44","date_gmt":"2025-12-27T21:07:44","guid":{"rendered":"https:\/\/baldumarket.lt\/?post_type=product&#038;p=222560"},"modified":"2026-02-03T23:10:51","modified_gmt":"2026-02-03T20:10:51","slug":"sofa-nordic-funkcja-spania-pojemnik-gr1","status":"publish","type":"product","link":"https:\/\/baldumarket.lt\/lt\/product\/sofa-nordic-funkcja-spania-pojemnik-gr1\/","title":{"rendered":"Nordicin\u0117 sofa, miegojimo funkcija, Gr1 konteineris"},"content":{"rendered":"<p>Patraukli ir itin stilinga \u201eNordic\u201c stiliaus sofa puikiai tiks beveik bet kuriai \u0161iuolaiki\u0161kai svetainei ar poilsio kambariui. Sofa pasi\u017eymi i\u0161skirtin\u0117mis \u0161onin\u0117mis panel\u0117mis ir horizontaliomis si\u016bl\u0117mis ant nugaros pagalv\u0117li\u0173. \u0160i vidutinio dyd\u017eio sofa \u2013 puikus sprendimas tiems, kurie vertina auk\u0161t\u0105 estetik\u0105 ir funkcionalum\u0105. \u201eBonnell\u201c spyruokl\u0117s ir didelio elastingumo putplastis s\u0117dyn\u0117s pagalv\u0117l\u0117se u\u017etikrina naudotojo komfort\u0105. Sofa turi DL kasdienio miego funkcij\u0105 ir erdv\u0173 patalyn\u0117s skyri\u0173. Visas baldas stovi ant 12 cm auk\u0161\u010dio metalini\u0173 kojeli\u0173. Sof\u0105 galima \u012fsigyti i\u0161 \u012fvairi\u0173 dekoratyvini\u0173 audini\u0173, kuri\u0173 pavyzd\u017eius rasite gaminio k\u016br\u0117jo dokumente. Surinkimas yra minimalus.<\/p>","protected":false},"excerpt":{"rendered":"<p>Plotis: 230 cm<br \/>\nGylis: 98 cm<br \/>\nAuk\u0161tis: 94 cm<br \/>\nS\u0117dyn\u0117s gylis: 55 cm<br \/>\nS\u0117dyn\u0117s auk\u0161tis: 46 cm<\/p>","protected":false},"featured_media":222604,"comment_status":"open","ping_status":"closed","template":"","meta":[],"product_brand":[],"product_cat":[9133],"product_tag":[],"class_list":{"0":"post-222560","1":"product","2":"type-product","3":"status-publish","4":"has-post-thumbnail","6":"product_cat-grouped","8":"first","9":"instock","10":"shipping-taxable","11":"purchasable","12":"product-type-variable","13":"wvs-archive-product-wrapper"},"_links":{"self":[{"href":"https:\/\/baldumarket.lt\/lt\/wp-json\/wp\/v2\/product\/222560","targetHints":{"allow":["GET"]}}],"collection":[{"href":"https:\/\/baldumarket.lt\/lt\/wp-json\/wp\/v2\/product"}],"about":[{"href":"https:\/\/baldumarket.lt\/lt\/wp-json\/wp\/v2\/types\/product"}],"replies":[{"embeddable":true,"href":"https:\/\/baldumarket.lt\/lt\/wp-json\/wp\/v2\/comments?post=222560"}],"wp:featuredmedia":[{"embeddable":true,"href":"https:\/\/baldumarket.lt\/lt\/wp-json\/wp\/v2\/media\/222604"}],"wp:attachment":[{"href":"https:\/\/baldumarket.lt\/lt\/wp-json\/wp\/v2\/media?parent=222560"}],"wp:term":[{"taxonomy":"product_brand","embeddable":true,"href":"https:\/\/baldumarket.lt\/lt\/wp-json\/wp\/v2\/product_brand?post=222560"},{"taxonomy":"product_cat","embeddable":true,"href":"https:\/\/baldumarket.lt\/lt\/wp-json\/wp\/v2\/product_cat?post=222560"},{"taxonomy":"product_tag","embeddable":true,"href":"https:\/\/baldumarket.lt\/lt\/wp-json\/wp\/v2\/product_tag?post=222560"}],"curies":[{"name":"wp","href":"https:\/\/api.w.org\/{rel}","templated":true}]}}