{"id":222544,"date":"2025-12-28T00:06:36","date_gmt":"2025-12-27T21:06:36","guid":{"rendered":"https:\/\/baldumarket.lt\/?post_type=product&#038;p=222544"},"modified":"2026-02-03T23:10:52","modified_gmt":"2026-02-03T20:10:52","slug":"sofa-olivio-funkcja-spania-pojemnik-gr2","status":"publish","type":"product","link":"https:\/\/baldumarket.lt\/lt\/product\/sofa-olivio-funkcja-spania-pojemnik-gr2\/","title":{"rendered":"Olivio sofa, miegojimo funkcija, Gr2 konteineris"},"content":{"rendered":"<p>D\u0117l savo gana kompakti\u0161ko dyd\u017eio \u201eOlivio\u201c sofa ras savo viet\u0105 net ir ma\u017eose erdv\u0117se. Sofos atlo\u0161o pagalv\u0117l\u0117s yra gra\u017eiai susi\u016btos, o tai pabr\u0117\u017eia jos stili\u0173. Sofa neturi tradicini\u0173 \u0161onini\u0173 paneli\u0173, tod\u0117l puikiai tinka net ir ma\u017eoms erdv\u0117ms. U\u017e komfort\u0105 atsakingos s\u0117dyn\u0117s pagalv\u0117l\u0117s pagamintos naudojant \u201eLux System\u201c sistem\u0105, kurioje derinamos vingiuotos spyruokl\u0117s, \u201eBonnell\u201c spyruokl\u0117s ir didelio elastingumo HR putos. \u0160i technologija daro sof\u0105 labai patogi\u0105 ir patvari\u0105. Sofa turi DL miegojimo funkcij\u0105 ir patalyn\u0117s skyri\u0173.<\/p>","protected":false},"excerpt":{"rendered":"<p>Plotis: 200 cm<br \/>\nGylis: 95 cm<br \/>\nAuk\u0161tis: 90 cm<br \/>\nS\u0117dyn\u0117s auk\u0161tis: 45 cm<br \/>\nMiegamasis plotas: 140 \u00d7 200 cm<\/p>","protected":false},"featured_media":222579,"comment_status":"open","ping_status":"closed","template":"","meta":[],"product_brand":[],"product_cat":[9133],"product_tag":[],"class_list":{"0":"post-222544","1":"product","2":"type-product","3":"status-publish","4":"has-post-thumbnail","6":"product_cat-grouped","8":"first","9":"instock","10":"shipping-taxable","11":"purchasable","12":"product-type-variable","13":"wvs-archive-product-wrapper"},"_links":{"self":[{"href":"https:\/\/baldumarket.lt\/lt\/wp-json\/wp\/v2\/product\/222544","targetHints":{"allow":["GET"]}}],"collection":[{"href":"https:\/\/baldumarket.lt\/lt\/wp-json\/wp\/v2\/product"}],"about":[{"href":"https:\/\/baldumarket.lt\/lt\/wp-json\/wp\/v2\/types\/product"}],"replies":[{"embeddable":true,"href":"https:\/\/baldumarket.lt\/lt\/wp-json\/wp\/v2\/comments?post=222544"}],"wp:featuredmedia":[{"embeddable":true,"href":"https:\/\/baldumarket.lt\/lt\/wp-json\/wp\/v2\/media\/222579"}],"wp:attachment":[{"href":"https:\/\/baldumarket.lt\/lt\/wp-json\/wp\/v2\/media?parent=222544"}],"wp:term":[{"taxonomy":"product_brand","embeddable":true,"href":"https:\/\/baldumarket.lt\/lt\/wp-json\/wp\/v2\/product_brand?post=222544"},{"taxonomy":"product_cat","embeddable":true,"href":"https:\/\/baldumarket.lt\/lt\/wp-json\/wp\/v2\/product_cat?post=222544"},{"taxonomy":"product_tag","embeddable":true,"href":"https:\/\/baldumarket.lt\/lt\/wp-json\/wp\/v2\/product_tag?post=222544"}],"curies":[{"name":"wp","href":"https:\/\/api.w.org\/{rel}","templated":true}]}}