{"id":222541,"date":"2025-12-28T00:06:31","date_gmt":"2025-12-27T21:06:31","guid":{"rendered":"https:\/\/baldumarket.lt\/?post_type=product&#038;p=222541"},"modified":"2026-02-03T23:10:52","modified_gmt":"2026-02-03T20:10:52","slug":"sofa-ravello-funkcja-spania-pojemnik","status":"publish","type":"product","link":"https:\/\/baldumarket.lt\/lt\/product\/sofa-ravello-funkcja-spania-pojemnik\/","title":{"rendered":"\u201eRavello\u201c sofa, miegojimo funkcija, konteineris"},"content":{"rendered":"<p>\u201eRavello\u201c sofa-lova \u2013 puikus minimalistinio dizaino pavyzdys, atitinkantis naujausias interjero dizaino tendencijas. Apvalios atlo\u0161o pagalv\u0117l\u0117s, kuri\u0173 kra\u0161tai, kaip ir poranki\u0173, traukia ak\u012f, puo\u0161tos eleganti\u0161kais apvadais. S\u0117dyn\u0117s pagalv\u0117l\u0117se \u012fmontuota dvigub\u0173 spyruokli\u0173 sistema (\u201eLUX SYSTEM\u201c), kurioje derinamos vingiuotos ir \u201eBonnell\u201c spyruokl\u0117s. \u0160is sprendimas sof\u0105 daro ne tik labai patogi\u0105, bet ir atspari\u0105 s\u0117dyn\u0117s deformacijai. Sofa turi DL kasdienio miegojimo funkcij\u0105 ir prakti\u0161k\u0105 patalyn\u0117s skyri\u0173. Sof\u0105 galima \u012fsigyti su \u012fvairiais apmu\u0161alais, kuri\u0173 pavyzd\u017eius rasite gaminio k\u016br\u0117jo dokumente. Surinkimas yra minimalus.<\/p>","protected":false},"excerpt":{"rendered":"<p>The Ravello sofa bed is a perfect example of minimalist design, in keeping with the latest interior design trends. The rounded backrest cushions, whose edges, like those of the armrests, are eye-catching, are adorned with elegant edging. The seat cushions feature a double spring system (LUX SYSTEM), combining sinuous and Bonnell springs. This solution makes [&hellip;]<\/p>","protected":false},"featured_media":222568,"comment_status":"open","ping_status":"closed","template":"","meta":[],"product_brand":[],"product_cat":[7906,560],"product_tag":[],"class_list":{"0":"post-222541","1":"product","2":"type-product","3":"status-publish","4":"has-post-thumbnail","6":"product_cat-comforteo","7":"product_cat-sofas-and-couches","9":"first","10":"instock","11":"shipping-taxable","12":"product-type-grouped"},"_links":{"self":[{"href":"https:\/\/baldumarket.lt\/lt\/wp-json\/wp\/v2\/product\/222541","targetHints":{"allow":["GET"]}}],"collection":[{"href":"https:\/\/baldumarket.lt\/lt\/wp-json\/wp\/v2\/product"}],"about":[{"href":"https:\/\/baldumarket.lt\/lt\/wp-json\/wp\/v2\/types\/product"}],"replies":[{"embeddable":true,"href":"https:\/\/baldumarket.lt\/lt\/wp-json\/wp\/v2\/comments?post=222541"}],"wp:featuredmedia":[{"embeddable":true,"href":"https:\/\/baldumarket.lt\/lt\/wp-json\/wp\/v2\/media\/222568"}],"wp:attachment":[{"href":"https:\/\/baldumarket.lt\/lt\/wp-json\/wp\/v2\/media?parent=222541"}],"wp:term":[{"taxonomy":"product_brand","embeddable":true,"href":"https:\/\/baldumarket.lt\/lt\/wp-json\/wp\/v2\/product_brand?post=222541"},{"taxonomy":"product_cat","embeddable":true,"href":"https:\/\/baldumarket.lt\/lt\/wp-json\/wp\/v2\/product_cat?post=222541"},{"taxonomy":"product_tag","embeddable":true,"href":"https:\/\/baldumarket.lt\/lt\/wp-json\/wp\/v2\/product_tag?post=222541"}],"curies":[{"name":"wp","href":"https:\/\/api.w.org\/{rel}","templated":true}]}}