{"id":222513,"date":"2025-12-28T00:04:43","date_gmt":"2025-12-27T21:04:43","guid":{"rendered":"https:\/\/baldumarket.lt\/?post_type=product&#038;p=222513"},"modified":"2026-02-03T23:10:53","modified_gmt":"2026-02-03T20:10:53","slug":"sofa-talia-funkcja-spania-regulowane-zaglowki-gr4","status":"publish","type":"product","link":"https:\/\/baldumarket.lt\/lt\/product\/sofa-talia-funkcja-spania-regulowane-zaglowki-gr4\/","title":{"rendered":"Talia sofa, miegojimo funkcija, reguliuojamos galvos atramos Gr4"},"content":{"rendered":"<p>\u201eComforteo\u201c \u201eTalia\u201c sofa turi \u201ePuma\u201c kasdienio miegojimo funkcij\u0105, leid\u017eian\u010di\u0105 greitai ir lengvai susikurti erdvi\u0105 ir itin patogi\u0105 erdv\u0119 poilsiui tiek dien\u0105, tiek nakt\u012f. Komplektas \u017eavi vertikaliomis si\u016bl\u0117mis ant poranki\u0173, kurios suteikia sofai presti\u017einio charakterio. Apval\u016bs \u0161onai kartu su s\u0117dyni\u0173 dygsniavimu suteikia klasikinio stiliaus akcent\u0105. Reguliuojamos galvos atramos, vingiuotos spyruokl\u0117s ir didelio elastingumo HR putplastis s\u0117dyn\u0117je padidina komfort\u0105. Sofa si\u016bloma su \u012fvairiais dekoratyviniais audiniais, kuri\u0173 pavyzd\u017eius galite rasti \u201eProduct Creator\u201c svetain\u0117je.<\/p>","protected":false},"excerpt":{"rendered":"<p>Plotis: 227 cm<br \/>\nGylis: 99 cm<br \/>\nAuk\u0161tis: 86 cm<br \/>\nDid\u017eiausias auk\u0161tis: 100 cm<br \/>\nS\u0117dyn\u0117s auk\u0161tis: 44 cm<\/p>","protected":false},"featured_media":222550,"comment_status":"open","ping_status":"closed","template":"","meta":[],"product_brand":[],"product_cat":[9133],"product_tag":[],"class_list":{"0":"post-222513","1":"product","2":"type-product","3":"status-publish","4":"has-post-thumbnail","6":"product_cat-grouped","8":"first","9":"instock","10":"shipping-taxable","11":"purchasable","12":"product-type-variable","13":"wvs-archive-product-wrapper"},"_links":{"self":[{"href":"https:\/\/baldumarket.lt\/lt\/wp-json\/wp\/v2\/product\/222513","targetHints":{"allow":["GET"]}}],"collection":[{"href":"https:\/\/baldumarket.lt\/lt\/wp-json\/wp\/v2\/product"}],"about":[{"href":"https:\/\/baldumarket.lt\/lt\/wp-json\/wp\/v2\/types\/product"}],"replies":[{"embeddable":true,"href":"https:\/\/baldumarket.lt\/lt\/wp-json\/wp\/v2\/comments?post=222513"}],"wp:featuredmedia":[{"embeddable":true,"href":"https:\/\/baldumarket.lt\/lt\/wp-json\/wp\/v2\/media\/222550"}],"wp:attachment":[{"href":"https:\/\/baldumarket.lt\/lt\/wp-json\/wp\/v2\/media?parent=222513"}],"wp:term":[{"taxonomy":"product_brand","embeddable":true,"href":"https:\/\/baldumarket.lt\/lt\/wp-json\/wp\/v2\/product_brand?post=222513"},{"taxonomy":"product_cat","embeddable":true,"href":"https:\/\/baldumarket.lt\/lt\/wp-json\/wp\/v2\/product_cat?post=222513"},{"taxonomy":"product_tag","embeddable":true,"href":"https:\/\/baldumarket.lt\/lt\/wp-json\/wp\/v2\/product_tag?post=222513"}],"curies":[{"name":"wp","href":"https:\/\/api.w.org\/{rel}","templated":true}]}}