{"id":222496,"date":"2025-12-28T00:03:49","date_gmt":"2025-12-27T21:03:49","guid":{"rendered":"https:\/\/baldumarket.lt\/?post_type=product&#038;p=222496"},"modified":"2026-02-03T23:10:55","modified_gmt":"2026-02-03T20:10:55","slug":"sofa-tristan-gr1","status":"publish","type":"product","link":"https:\/\/baldumarket.lt\/lt\/product\/sofa-tristan-gr1\/","title":{"rendered":"Tristan Gr1 sofa"},"content":{"rendered":"<p>Moderni ir eleganti\u0161ka \u201eTristan\u201c sofa \u017eavi nepriekai\u0161tinga, patrauklia forma. Sofos stili\u0173 pabr\u0117\u017eia firminis komplekto pagrindas, aptrauktas juodu audiniu, kuris kartu su juodomis metalin\u0117mis kojel\u0117mis sukuria darni\u0105 vizualin\u0119 visum\u0105. Storos, patogios ir mink\u0161tos atlo\u0161o pagalv\u0117l\u0117s puo\u0161tos pla\u010dius apvadus primenan\u010diomis si\u016bl\u0117mis \u0161onuose. Sofa si\u016bloma su \u012fvairiais apmu\u0161al\u0173 audiniais, kuri\u0173 pavyzd\u017eius rasite produkto k\u016br\u0117jo dokumente. Sofa taip pat si\u016bloma kaip L formos kampin\u0117 sofa.<\/p>","protected":false},"excerpt":{"rendered":"<p>Plotis: 250 cm<br \/>\nGylis: 95 cm<br \/>\nAuk\u0161tis: 87 cm<br \/>\nS\u0117dyn\u0117s gylis: 60 cm<br \/>\nS\u0117dyn\u0117s auk\u0161tis: 45 cm<\/p>","protected":false},"featured_media":222524,"comment_status":"open","ping_status":"closed","template":"","meta":[],"product_brand":[],"product_cat":[9133],"product_tag":[],"class_list":{"0":"post-222496","1":"product","2":"type-product","3":"status-publish","4":"has-post-thumbnail","6":"product_cat-grouped","8":"first","9":"instock","10":"shipping-taxable","11":"purchasable","12":"product-type-variable","13":"wvs-archive-product-wrapper"},"_links":{"self":[{"href":"https:\/\/baldumarket.lt\/lt\/wp-json\/wp\/v2\/product\/222496","targetHints":{"allow":["GET"]}}],"collection":[{"href":"https:\/\/baldumarket.lt\/lt\/wp-json\/wp\/v2\/product"}],"about":[{"href":"https:\/\/baldumarket.lt\/lt\/wp-json\/wp\/v2\/types\/product"}],"replies":[{"embeddable":true,"href":"https:\/\/baldumarket.lt\/lt\/wp-json\/wp\/v2\/comments?post=222496"}],"wp:featuredmedia":[{"embeddable":true,"href":"https:\/\/baldumarket.lt\/lt\/wp-json\/wp\/v2\/media\/222524"}],"wp:attachment":[{"href":"https:\/\/baldumarket.lt\/lt\/wp-json\/wp\/v2\/media?parent=222496"}],"wp:term":[{"taxonomy":"product_brand","embeddable":true,"href":"https:\/\/baldumarket.lt\/lt\/wp-json\/wp\/v2\/product_brand?post=222496"},{"taxonomy":"product_cat","embeddable":true,"href":"https:\/\/baldumarket.lt\/lt\/wp-json\/wp\/v2\/product_cat?post=222496"},{"taxonomy":"product_tag","embeddable":true,"href":"https:\/\/baldumarket.lt\/lt\/wp-json\/wp\/v2\/product_tag?post=222496"}],"curies":[{"name":"wp","href":"https:\/\/api.w.org\/{rel}","templated":true}]}}