{"id":222486,"date":"2025-12-28T00:03:07","date_gmt":"2025-12-27T21:03:07","guid":{"rendered":"https:\/\/baldumarket.lt\/?post_type=product&#038;p=222486"},"modified":"2026-02-03T23:10:55","modified_gmt":"2026-02-03T20:10:55","slug":"sofa-tulu-funkcja-spania-pojemnik-gr4","status":"publish","type":"product","link":"https:\/\/baldumarket.lt\/lt\/product\/sofa-tulu-funkcja-spania-pojemnik-gr4\/","title":{"rendered":"Tulu sofa, miegojimo funkcija, Gr4 konteineris"},"content":{"rendered":"<p>\u201eTulu\u201c sofa \u2013 tai kompakti\u0161kas, modernus baldas, atspindintis naujausias interjero dizaino tendencijas. Ji puikiai tiks tiek \u0161iuolaikiniame paauglio kambaryje, tiek svetain\u0117je ar darbo kambaryje. Sofa turi miegam\u0105j\u0105 dal\u012f ir erdv\u0173 daiktad\u0117\u017e\u0119. Juodos metalin\u0117s kojel\u0117s yra komplekto apa\u010dioje. Sofa si\u016bloma su \u012fvairiais apmu\u0161alais ir reikalauja minimalaus surinkimo.<\/p>","protected":false},"excerpt":{"rendered":"<p>Plotis: 200 cm<br \/>\nGylis: 95 cm<br \/>\nAuk\u0161tis: 95 cm<br \/>\nS\u0117dyn\u0117s gylis: 56 cm<br \/>\nS\u0117dyn\u0117s auk\u0161tis: 43 cm<\/p>","protected":false},"featured_media":222515,"comment_status":"open","ping_status":"closed","template":"","meta":[],"product_brand":[],"product_cat":[9133],"product_tag":[],"class_list":{"0":"post-222486","1":"product","2":"type-product","3":"status-publish","4":"has-post-thumbnail","6":"product_cat-grouped","8":"first","9":"instock","10":"shipping-taxable","11":"purchasable","12":"product-type-variable","13":"wvs-archive-product-wrapper"},"_links":{"self":[{"href":"https:\/\/baldumarket.lt\/lt\/wp-json\/wp\/v2\/product\/222486","targetHints":{"allow":["GET"]}}],"collection":[{"href":"https:\/\/baldumarket.lt\/lt\/wp-json\/wp\/v2\/product"}],"about":[{"href":"https:\/\/baldumarket.lt\/lt\/wp-json\/wp\/v2\/types\/product"}],"replies":[{"embeddable":true,"href":"https:\/\/baldumarket.lt\/lt\/wp-json\/wp\/v2\/comments?post=222486"}],"wp:featuredmedia":[{"embeddable":true,"href":"https:\/\/baldumarket.lt\/lt\/wp-json\/wp\/v2\/media\/222515"}],"wp:attachment":[{"href":"https:\/\/baldumarket.lt\/lt\/wp-json\/wp\/v2\/media?parent=222486"}],"wp:term":[{"taxonomy":"product_brand","embeddable":true,"href":"https:\/\/baldumarket.lt\/lt\/wp-json\/wp\/v2\/product_brand?post=222486"},{"taxonomy":"product_cat","embeddable":true,"href":"https:\/\/baldumarket.lt\/lt\/wp-json\/wp\/v2\/product_cat?post=222486"},{"taxonomy":"product_tag","embeddable":true,"href":"https:\/\/baldumarket.lt\/lt\/wp-json\/wp\/v2\/product_tag?post=222486"}],"curies":[{"name":"wp","href":"https:\/\/api.w.org\/{rel}","templated":true}]}}