{"id":222477,"date":"2025-12-28T00:02:28","date_gmt":"2025-12-27T21:02:28","guid":{"rendered":"https:\/\/baldumarket.lt\/?post_type=product&#038;p=222477"},"modified":"2026-02-03T23:10:56","modified_gmt":"2026-02-03T20:10:56","slug":"sofa-vello-funkcja-spania-pojemnik","status":"publish","type":"product","link":"https:\/\/baldumarket.lt\/lt\/product\/sofa-vello-funkcja-spania-pojemnik\/","title":{"rendered":"Vello sofa, miegojimo funkcija, konteineris"},"content":{"rendered":"<p>\u201eVello\u201c sofa gali pasigirti i\u0161skirtinai patraukliu dizainu, kur\u012f pabr\u0117\u017eia drapiruotas audinys priekin\u0117je s\u0117dyn\u0117s dalyje, taip pat daugyb\u0117 dekoratyvini\u0173 si\u016bli\u0173 ir rai\u0161teli\u0173. Sofa turi automati\u0161kai valdom\u0105 miegojimo funkcij\u0105 \u201eDL\u201c. Prakti\u0161kame patalyn\u0117s skyriuje taip pat yra papildom\u0173 antklod\u017ei\u0173 ir pagalvi\u0173. Visas komplektas stovi ant auk\u0161t\u0173 (12 cm) juod\u0173 kojeli\u0173, kurios suteikia jam lengvumo. Sof\u0105 galima rinktis i\u0161 \u012fvairi\u0173 apmu\u0161al\u0173 audini\u0173. Audini\u0173 pavyzd\u017eius galite rasti \u201eProdukt\u0173 k\u016br\u0117jo\u201c svetain\u0117je.<\/p>","protected":false},"excerpt":{"rendered":"<p>\u201eVello\u201c sofa pasi\u017eymi i\u0161skirtinai patraukliu dizainu, kur\u012f pabr\u0117\u017eia drapiruotas audinys priekin\u0117je s\u0117dyn\u0117s dalyje, taip pat daugyb\u0117 dekoratyvini\u0173 si\u016bli\u0173 ir rai\u0161teli\u0173. Sofa turi DL miegojimo funkcij\u0105, kuri valdoma automati\u0161kai. Prakti\u0161kame patalyn\u0117s skyriuje taip pat yra papildom\u0173 antklod\u017ei\u0173 ir pagalvi\u0173. Visas komplektas stovi ant auk\u0161t\u0173 (12 cm) juod\u0173 kojeli\u0173, [\u2026]<\/p>","protected":false},"featured_media":222491,"comment_status":"open","ping_status":"closed","template":"","meta":[],"product_brand":[],"product_cat":[7906,560],"product_tag":[],"class_list":{"0":"post-222477","1":"product","2":"type-product","3":"status-publish","4":"has-post-thumbnail","6":"product_cat-comforteo","7":"product_cat-sofas-and-couches","9":"first","10":"instock","11":"shipping-taxable","12":"product-type-grouped"},"_links":{"self":[{"href":"https:\/\/baldumarket.lt\/lt\/wp-json\/wp\/v2\/product\/222477","targetHints":{"allow":["GET"]}}],"collection":[{"href":"https:\/\/baldumarket.lt\/lt\/wp-json\/wp\/v2\/product"}],"about":[{"href":"https:\/\/baldumarket.lt\/lt\/wp-json\/wp\/v2\/types\/product"}],"replies":[{"embeddable":true,"href":"https:\/\/baldumarket.lt\/lt\/wp-json\/wp\/v2\/comments?post=222477"}],"wp:featuredmedia":[{"embeddable":true,"href":"https:\/\/baldumarket.lt\/lt\/wp-json\/wp\/v2\/media\/222491"}],"wp:attachment":[{"href":"https:\/\/baldumarket.lt\/lt\/wp-json\/wp\/v2\/media?parent=222477"}],"wp:term":[{"taxonomy":"product_brand","embeddable":true,"href":"https:\/\/baldumarket.lt\/lt\/wp-json\/wp\/v2\/product_brand?post=222477"},{"taxonomy":"product_cat","embeddable":true,"href":"https:\/\/baldumarket.lt\/lt\/wp-json\/wp\/v2\/product_cat?post=222477"},{"taxonomy":"product_tag","embeddable":true,"href":"https:\/\/baldumarket.lt\/lt\/wp-json\/wp\/v2\/product_tag?post=222477"}],"curies":[{"name":"wp","href":"https:\/\/api.w.org\/{rel}","templated":true}]}}