{"id":222449,"date":"2025-12-28T00:00:32","date_gmt":"2025-12-27T21:00:32","guid":{"rendered":"https:\/\/baldumarket.lt\/?post_type=product&#038;p=222449"},"modified":"2026-02-03T23:10:58","modified_gmt":"2026-02-03T20:10:58","slug":"stelaz-do-lozka-easypack-120x200-cm-listwy-sprezynujace-gr5","status":"publish","type":"product","link":"https:\/\/baldumarket.lt\/lt\/product\/stelaz-do-lozka-easypack-120x200-cm-listwy-sprezynujace-gr5\/","title":{"rendered":"Easypack lovos r\u0117mas, 120\u00d7200 cm, Gr5 spyruoklin\u0117s grotel\u0117s"},"content":{"rendered":"<p>\u201eEasypack\u201c r\u0117mas, kurio matmenys 120 \u00d7 200 cm, yra puikus, ekonomi\u0161kas ir labai funkcionalus sprendimas bet kokio tipo \u010diu\u017einiui. Pagrindin\u0117s jo savyb\u0117s:<\/p>","protected":false},"excerpt":{"rendered":"<p>Plotis: 120 cm<br \/>\nIlgis: 200 cm<br \/>\nAuk\u0161tis: 3,5 cm<\/p>","protected":false},"featured_media":222471,"comment_status":"open","ping_status":"closed","template":"","meta":[],"product_brand":[],"product_cat":[9133],"product_tag":[],"class_list":{"0":"post-222449","1":"product","2":"type-product","3":"status-publish","4":"has-post-thumbnail","6":"product_cat-grouped","8":"first","9":"instock","10":"shipping-taxable","11":"purchasable","12":"product-type-variable","13":"wvs-archive-product-wrapper"},"_links":{"self":[{"href":"https:\/\/baldumarket.lt\/lt\/wp-json\/wp\/v2\/product\/222449","targetHints":{"allow":["GET"]}}],"collection":[{"href":"https:\/\/baldumarket.lt\/lt\/wp-json\/wp\/v2\/product"}],"about":[{"href":"https:\/\/baldumarket.lt\/lt\/wp-json\/wp\/v2\/types\/product"}],"replies":[{"embeddable":true,"href":"https:\/\/baldumarket.lt\/lt\/wp-json\/wp\/v2\/comments?post=222449"}],"wp:featuredmedia":[{"embeddable":true,"href":"https:\/\/baldumarket.lt\/lt\/wp-json\/wp\/v2\/media\/222471"}],"wp:attachment":[{"href":"https:\/\/baldumarket.lt\/lt\/wp-json\/wp\/v2\/media?parent=222449"}],"wp:term":[{"taxonomy":"product_brand","embeddable":true,"href":"https:\/\/baldumarket.lt\/lt\/wp-json\/wp\/v2\/product_brand?post=222449"},{"taxonomy":"product_cat","embeddable":true,"href":"https:\/\/baldumarket.lt\/lt\/wp-json\/wp\/v2\/product_cat?post=222449"},{"taxonomy":"product_tag","embeddable":true,"href":"https:\/\/baldumarket.lt\/lt\/wp-json\/wp\/v2\/product_tag?post=222449"}],"curies":[{"name":"wp","href":"https:\/\/api.w.org\/{rel}","templated":true}]}}