{"id":222438,"date":"2025-12-27T23:59:45","date_gmt":"2025-12-27T20:59:45","guid":{"rendered":"https:\/\/baldumarket.lt\/?post_type=product&#038;p=222438"},"modified":"2026-02-03T23:10:59","modified_gmt":"2026-02-03T20:10:59","slug":"stelaz-do-lozka-easypack-140x200-cm-listwy-sprezynujace","status":"publish","type":"product","link":"https:\/\/baldumarket.lt\/lt\/product\/stelaz-do-lozka-easypack-140x200-cm-listwy-sprezynujace\/","title":{"rendered":"Easypack lovos r\u0117mas, 140\u00d7200 cm, spyruoklin\u0117s grotel\u0117s"},"content":{"rendered":"<p>\u201eEasypack\u201c r\u0117mas, kurio matmenys 140 \u00d7 200 cm, yra puikus ir labai funkcionalus sprendimas bet kokio tipo \u010diu\u017einiui. Pagrindin\u0117s jo savyb\u0117s:<\/p>","protected":false},"excerpt":{"rendered":"<p>\u201eEasypack\u201c r\u0117mas, kurio matmenys 140 \u00d7 200 cm, yra puikus ir labai funkcionalus sprendimas bet kokio tipo \u010diu\u017einiui. Pagrindin\u0117s jo savyb\u0117s:<\/p>","protected":false},"featured_media":222460,"comment_status":"open","ping_status":"closed","template":"","meta":[],"product_brand":[],"product_cat":[7906,1043],"product_tag":[],"class_list":{"0":"post-222438","1":"product","2":"type-product","3":"status-publish","4":"has-post-thumbnail","6":"product_cat-comforteo","7":"product_cat-extras","9":"first","10":"instock","11":"shipping-taxable","12":"product-type-grouped"},"_links":{"self":[{"href":"https:\/\/baldumarket.lt\/lt\/wp-json\/wp\/v2\/product\/222438","targetHints":{"allow":["GET"]}}],"collection":[{"href":"https:\/\/baldumarket.lt\/lt\/wp-json\/wp\/v2\/product"}],"about":[{"href":"https:\/\/baldumarket.lt\/lt\/wp-json\/wp\/v2\/types\/product"}],"replies":[{"embeddable":true,"href":"https:\/\/baldumarket.lt\/lt\/wp-json\/wp\/v2\/comments?post=222438"}],"wp:featuredmedia":[{"embeddable":true,"href":"https:\/\/baldumarket.lt\/lt\/wp-json\/wp\/v2\/media\/222460"}],"wp:attachment":[{"href":"https:\/\/baldumarket.lt\/lt\/wp-json\/wp\/v2\/media?parent=222438"}],"wp:term":[{"taxonomy":"product_brand","embeddable":true,"href":"https:\/\/baldumarket.lt\/lt\/wp-json\/wp\/v2\/product_brand?post=222438"},{"taxonomy":"product_cat","embeddable":true,"href":"https:\/\/baldumarket.lt\/lt\/wp-json\/wp\/v2\/product_cat?post=222438"},{"taxonomy":"product_tag","embeddable":true,"href":"https:\/\/baldumarket.lt\/lt\/wp-json\/wp\/v2\/product_tag?post=222438"}],"curies":[{"name":"wp","href":"https:\/\/api.w.org\/{rel}","templated":true}]}}