{"id":222330,"date":"2025-12-27T23:52:53","date_gmt":"2025-12-27T20:52:53","guid":{"rendered":"https:\/\/baldumarket.lt\/?post_type=product&#038;p=222330"},"modified":"2026-02-03T23:11:09","modified_gmt":"2026-02-03T20:11:09","slug":"stelaz-do-lozka-prosty-90x200-cm-listwy-sprezynujace-regulacja-twardosci","status":"publish","type":"product","link":"https:\/\/baldumarket.lt\/lt\/product\/stelaz-do-lozka-prosty-90x200-cm-listwy-sprezynujace-regulacja-twardosci\/","title":{"rendered":"Tiesus lovos r\u0117mas, 90\u00d7200 cm, spyruoklin\u0117s grotel\u0117s, reguliuojamas kietumas"},"content":{"rendered":"<p>90 \u00d7 200 cm tiesus r\u0117mas \u2013 tai tvirtas ir funkcionalus sprendimas bet kuriam miegamajam, skirtas pagerinti miego komfort\u0105 ir pailginti \u010diu\u017einio tarnavimo laik\u0105. \u0160tai pagrindin\u0117s jo savyb\u0117s:<\/p>","protected":false},"excerpt":{"rendered":"<p>90 \u00d7 200 cm tiesus r\u0117mas \u2013 tai tvirtas ir funkcionalus sprendimas bet kuriam miegamajam, skirtas pagerinti miego komfort\u0105 ir pailginti \u010diu\u017einio tarnavimo laik\u0105. \u0160tai pagrindin\u0117s jo savyb\u0117s:<\/p>","protected":false},"featured_media":222349,"comment_status":"open","ping_status":"closed","template":"","meta":[],"product_brand":[],"product_cat":[7906,1043],"product_tag":[],"class_list":{"0":"post-222330","1":"product","2":"type-product","3":"status-publish","4":"has-post-thumbnail","6":"product_cat-comforteo","7":"product_cat-extras","9":"first","10":"instock","11":"shipping-taxable","12":"product-type-grouped"},"_links":{"self":[{"href":"https:\/\/baldumarket.lt\/lt\/wp-json\/wp\/v2\/product\/222330","targetHints":{"allow":["GET"]}}],"collection":[{"href":"https:\/\/baldumarket.lt\/lt\/wp-json\/wp\/v2\/product"}],"about":[{"href":"https:\/\/baldumarket.lt\/lt\/wp-json\/wp\/v2\/types\/product"}],"replies":[{"embeddable":true,"href":"https:\/\/baldumarket.lt\/lt\/wp-json\/wp\/v2\/comments?post=222330"}],"wp:featuredmedia":[{"embeddable":true,"href":"https:\/\/baldumarket.lt\/lt\/wp-json\/wp\/v2\/media\/222349"}],"wp:attachment":[{"href":"https:\/\/baldumarket.lt\/lt\/wp-json\/wp\/v2\/media?parent=222330"}],"wp:term":[{"taxonomy":"product_brand","embeddable":true,"href":"https:\/\/baldumarket.lt\/lt\/wp-json\/wp\/v2\/product_brand?post=222330"},{"taxonomy":"product_cat","embeddable":true,"href":"https:\/\/baldumarket.lt\/lt\/wp-json\/wp\/v2\/product_cat?post=222330"},{"taxonomy":"product_tag","embeddable":true,"href":"https:\/\/baldumarket.lt\/lt\/wp-json\/wp\/v2\/product_tag?post=222330"}],"curies":[{"name":"wp","href":"https:\/\/api.w.org\/{rel}","templated":true}]}}