{"id":22233,"date":"2025-11-14T14:17:29","date_gmt":"2025-11-14T11:17:29","guid":{"rendered":"https:\/\/baldumarket.lt\/product\/materac-termoelastyczny-sola-180x200-medicott-silver\/"},"modified":"2026-03-24T18:21:10","modified_gmt":"2026-03-24T15:21:10","slug":"materac-termoelastyczny-sola-180x200-medicott-silver","status":"publish","type":"product","link":"https:\/\/baldumarket.lt\/lt\/produktas\/materac-termoelastyczny-sola-180x200-medicott-silver\/","title":{"rendered":"Sola termoelastinis \u010diu\u017einys 180\u00d7200 Medicott sidabrinis"},"content":{"rendered":"<p>Patogus nakties miegas yra raktas \u012f s\u0117kming\u0105 dien\u0105, tod\u0117l suprantame, kaip svarbu pasirinkti tobul\u0105 \u010diu\u017ein\u012f pagal savo poreikius. \u2019Sola\u201c termoelastinis \u010diu\u017einys su sidabro spalvos u\u017evalkalu yra puikus pasirinkimas tiems, kurie vertina ger\u0105 nakties mieg\u0105. \u201eSola\u201c \u010diu\u017einys susideda i\u0161 ki\u0161enini\u0173 spyruokli\u0173, kurios neleid\u017eia \u010diu\u017einiui banguotis ar vibruoti, ir trij\u0173 r\u016b\u0161i\u0173 put\u0173. Vienoje pus\u0117je yra latekso putos, kitoje \u2013 didelio elastingumo HR putos ir \u201eVisco\u201c putos, atskirtos kokoso pluo\u0161to plok\u0161te, kuri padidina \u010diu\u017einio kietum\u0105. Visk\u0105 u\u017ebaigia nuimamas sidabro spalvos u\u017evalkalas.<\/p>","protected":false},"excerpt":{"rendered":"<p>Patogus nakties miegas yra raktas \u012f s\u0117kming\u0105 dien\u0105, tod\u0117l suprantame, kaip svarbu pasirinkti tobul\u0105 \u010diu\u017ein\u012f pagal savo pageidavimus. \u201eSola\u201c termoelastinis \u010diu\u017einys su sidabro spalvos u\u017evalkalu yra puikus pasirinkimas tiems, kurie vertina ger\u0105 nakties mieg\u0105. \u201eSola\u201c \u010diu\u017einys susideda i\u0161 ki\u0161eninio [\u2026]<\/p>","protected":false},"featured_media":22216,"comment_status":"open","ping_status":"open","template":"","meta":[],"product_brand":[],"product_cat":[2012,1099,1979],"product_tag":[],"class_list":{"0":"post-22233","1":"product","2":"type-product","3":"status-publish","4":"has-post-thumbnail","6":"product_cat-eltap","7":"product_cat-mattresses","8":"product_cat-mattresses-180x200","9":"pa_frame-material-undefined","10":"pa_frame-material-type-undefined","11":"pa_leg-color-undefined","12":"pa_leg-material-undefined","13":"pa_linen-box-undefined","14":"pa_main-color-white","15":"pa_price-group-basic","16":"pa_seat-depth-undefined","17":"pa_seat-width-undefined","18":"pa_sleep-function-yes","19":"pa_sleeping-area-length-498","20":"pa_sleeping-area-width-516","21":"pa_style-undefined","22":"pa_textile-medicott-silver","23":"pa_upholstery-material-polyester","25":"first","26":"instock","27":"purchasable","28":"product-type-simple"},"_links":{"self":[{"href":"https:\/\/baldumarket.lt\/lt\/wp-json\/wp\/v2\/product\/22233","targetHints":{"allow":["GET"]}}],"collection":[{"href":"https:\/\/baldumarket.lt\/lt\/wp-json\/wp\/v2\/product"}],"about":[{"href":"https:\/\/baldumarket.lt\/lt\/wp-json\/wp\/v2\/types\/product"}],"replies":[{"embeddable":true,"href":"https:\/\/baldumarket.lt\/lt\/wp-json\/wp\/v2\/comments?post=22233"}],"wp:featuredmedia":[{"embeddable":true,"href":"https:\/\/baldumarket.lt\/lt\/wp-json\/wp\/v2\/media\/22216"}],"wp:attachment":[{"href":"https:\/\/baldumarket.lt\/lt\/wp-json\/wp\/v2\/media?parent=22233"}],"wp:term":[{"taxonomy":"product_brand","embeddable":true,"href":"https:\/\/baldumarket.lt\/lt\/wp-json\/wp\/v2\/product_brand?post=22233"},{"taxonomy":"product_cat","embeddable":true,"href":"https:\/\/baldumarket.lt\/lt\/wp-json\/wp\/v2\/product_cat?post=22233"},{"taxonomy":"product_tag","embeddable":true,"href":"https:\/\/baldumarket.lt\/lt\/wp-json\/wp\/v2\/product_tag?post=22233"}],"curies":[{"name":"wp","href":"https:\/\/api.w.org\/{rel}","templated":true}]}}