{"id":222317,"date":"2025-12-27T23:51:33","date_gmt":"2025-12-27T20:51:33","guid":{"rendered":"https:\/\/baldumarket.lt\/?post_type=product&#038;p=222317"},"modified":"2026-02-03T23:11:10","modified_gmt":"2026-02-03T20:11:10","slug":"stelaz-do-lozka-elektrycznie-regulowany-80x200-cm-listwy-sprezynujace-regulacja-twardosci-oraz-wysokosci","status":"publish","type":"product","link":"https:\/\/baldumarket.lt\/lt\/product\/stelaz-do-lozka-elektrycznie-regulowany-80x200-cm-listwy-sprezynujace-regulacja-twardosci-oraz-wysokosci\/","title":{"rendered":"Elektrini\u0173 b\u016bdu reguliuojamas lovos r\u0117mas, 80\u00d7200 cm, spyruoklin\u0117s grotel\u0117s, reguliuojamas kietumas ir auk\u0161tis"},"content":{"rendered":"<p>Elektrinis r\u0117mas su nuotolinio valdymo pultu yra pa\u017eangus, patogus sprendimas, sukurtas atsi\u017evelgiant \u012f komfort\u0105 ir funkcionalum\u0105, ypa\u010d rekomenduojamas latekso ir putplas\u010dio \u010diu\u017einiams. \u017demiau pateikiamos pagrindin\u0117s \u0161io r\u0117mo savyb\u0117s:<\/p>","protected":false},"excerpt":{"rendered":"<p>Elektrinis r\u0117mas su nuotolinio valdymo pultu yra pa\u017eangus, patogus sprendimas, sukurtas atsi\u017evelgiant \u012f komfort\u0105 ir funkcionalum\u0105, ypa\u010d rekomenduojamas latekso ir putplas\u010dio \u010diu\u017einiams. \u017demiau pateikiamos pagrindin\u0117s \u0161io r\u0117mo savyb\u0117s:<\/p>","protected":false},"featured_media":222339,"comment_status":"open","ping_status":"closed","template":"","meta":[],"product_brand":[],"product_cat":[7906,1043],"product_tag":[],"class_list":{"0":"post-222317","1":"product","2":"type-product","3":"status-publish","4":"has-post-thumbnail","6":"product_cat-comforteo","7":"product_cat-extras","9":"first","10":"instock","11":"shipping-taxable","12":"product-type-grouped"},"_links":{"self":[{"href":"https:\/\/baldumarket.lt\/lt\/wp-json\/wp\/v2\/product\/222317","targetHints":{"allow":["GET"]}}],"collection":[{"href":"https:\/\/baldumarket.lt\/lt\/wp-json\/wp\/v2\/product"}],"about":[{"href":"https:\/\/baldumarket.lt\/lt\/wp-json\/wp\/v2\/types\/product"}],"replies":[{"embeddable":true,"href":"https:\/\/baldumarket.lt\/lt\/wp-json\/wp\/v2\/comments?post=222317"}],"wp:featuredmedia":[{"embeddable":true,"href":"https:\/\/baldumarket.lt\/lt\/wp-json\/wp\/v2\/media\/222339"}],"wp:attachment":[{"href":"https:\/\/baldumarket.lt\/lt\/wp-json\/wp\/v2\/media?parent=222317"}],"wp:term":[{"taxonomy":"product_brand","embeddable":true,"href":"https:\/\/baldumarket.lt\/lt\/wp-json\/wp\/v2\/product_brand?post=222317"},{"taxonomy":"product_cat","embeddable":true,"href":"https:\/\/baldumarket.lt\/lt\/wp-json\/wp\/v2\/product_cat?post=222317"},{"taxonomy":"product_tag","embeddable":true,"href":"https:\/\/baldumarket.lt\/lt\/wp-json\/wp\/v2\/product_tag?post=222317"}],"curies":[{"name":"wp","href":"https:\/\/api.w.org\/{rel}","templated":true}]}}