{"id":222315,"date":"2025-12-27T23:51:29","date_gmt":"2025-12-27T20:51:29","guid":{"rendered":"https:\/\/baldumarket.lt\/?post_type=product&#038;p=222315"},"modified":"2026-02-03T23:11:10","modified_gmt":"2026-02-03T20:11:10","slug":"stelaz-do-lozka-elektrycznie-regulowany-80x200-cm-listwy-sprezynujace-regulacja-twardosci-oraz-wysokosci-gr5","status":"publish","type":"product","link":"https:\/\/baldumarket.lt\/lt\/product\/stelaz-do-lozka-elektrycznie-regulowany-80x200-cm-listwy-sprezynujace-regulacja-twardosci-oraz-wysokosci-gr5\/","title":{"rendered":"Lovos r\u0117mas, elektra reguliuojamas, 80\u00d7200 cm, spyruoklin\u0117s grotel\u0117s, reguliuojamo kietumo ir auk\u0161\u010dio Gr5"},"content":{"rendered":"<p>Elektrinis r\u0117mas su nuotolinio valdymo pultu yra pa\u017eangus, patogus sprendimas, sukurtas atsi\u017evelgiant \u012f komfort\u0105 ir funkcionalum\u0105, ypa\u010d rekomenduojamas latekso ir putplas\u010dio \u010diu\u017einiams. \u017demiau pateikiamos pagrindin\u0117s \u0161io r\u0117mo savyb\u0117s:<\/p>","protected":false},"excerpt":{"rendered":"<p>Plotis: 80 cm<br \/>\nIlgis: 200 cm<br \/>\nAuk\u0161tis: 6 cm<\/p>","protected":false},"featured_media":222339,"comment_status":"open","ping_status":"closed","template":"","meta":[],"product_brand":[],"product_cat":[9133],"product_tag":[],"class_list":{"0":"post-222315","1":"product","2":"type-product","3":"status-publish","4":"has-post-thumbnail","6":"product_cat-grouped","8":"first","9":"instock","10":"shipping-taxable","11":"purchasable","12":"product-type-variable","13":"wvs-archive-product-wrapper"},"_links":{"self":[{"href":"https:\/\/baldumarket.lt\/lt\/wp-json\/wp\/v2\/product\/222315","targetHints":{"allow":["GET"]}}],"collection":[{"href":"https:\/\/baldumarket.lt\/lt\/wp-json\/wp\/v2\/product"}],"about":[{"href":"https:\/\/baldumarket.lt\/lt\/wp-json\/wp\/v2\/types\/product"}],"replies":[{"embeddable":true,"href":"https:\/\/baldumarket.lt\/lt\/wp-json\/wp\/v2\/comments?post=222315"}],"wp:featuredmedia":[{"embeddable":true,"href":"https:\/\/baldumarket.lt\/lt\/wp-json\/wp\/v2\/media\/222339"}],"wp:attachment":[{"href":"https:\/\/baldumarket.lt\/lt\/wp-json\/wp\/v2\/media?parent=222315"}],"wp:term":[{"taxonomy":"product_brand","embeddable":true,"href":"https:\/\/baldumarket.lt\/lt\/wp-json\/wp\/v2\/product_brand?post=222315"},{"taxonomy":"product_cat","embeddable":true,"href":"https:\/\/baldumarket.lt\/lt\/wp-json\/wp\/v2\/product_cat?post=222315"},{"taxonomy":"product_tag","embeddable":true,"href":"https:\/\/baldumarket.lt\/lt\/wp-json\/wp\/v2\/product_tag?post=222315"}],"curies":[{"name":"wp","href":"https:\/\/api.w.org\/{rel}","templated":true}]}}