{"id":222293,"date":"2025-12-27T23:50:09","date_gmt":"2025-12-27T20:50:09","guid":{"rendered":"https:\/\/baldumarket.lt\/?post_type=product&#038;p=222293"},"modified":"2026-02-03T23:11:11","modified_gmt":"2026-02-03T20:11:11","slug":"stelaz-do-lozka-elektrycznie-regulowany-90x200-cm-listwy-sprezynujace-regulacja-twardosci-oraz-wysokosci-gr2","status":"publish","type":"product","link":"https:\/\/baldumarket.lt\/lt\/product\/stelaz-do-lozka-elektrycznie-regulowany-90x200-cm-listwy-sprezynujace-regulacja-twardosci-oraz-wysokosci-gr2\/","title":{"rendered":"Lovos r\u0117mas, elektra reguliuojamas, 90\u00d7200 cm, spyruoklin\u0117s grotel\u0117s, reguliuojamo kietumo ir auk\u0161\u010dio Gr2"},"content":{"rendered":"<p>90 \u00d7 200 cm reguliuojamo dyd\u017eio lovos r\u0117mas su nuotolinio valdymo pultu yra labai patogus ir funkcionalus sprendimas, idealiai tinkantis tiems, kurie ie\u0161ko i\u0161skirtinio komforto ir galimyb\u0117s pritaikyti lov\u0105 pagal savo poreikius. \u0160tai pagrindin\u0117s \u0161io gaminio savyb\u0117s:<\/p>","protected":false},"excerpt":{"rendered":"<p>Plotis: 90 cm<br \/>\nIlgis: 200 cm<br \/>\nAuk\u0161tis: 6 cm<\/p>","protected":false},"featured_media":222318,"comment_status":"open","ping_status":"closed","template":"","meta":[],"product_brand":[],"product_cat":[9133],"product_tag":[],"class_list":{"0":"post-222293","1":"product","2":"type-product","3":"status-publish","4":"has-post-thumbnail","6":"product_cat-grouped","8":"first","9":"instock","10":"shipping-taxable","11":"purchasable","12":"product-type-variable","13":"wvs-archive-product-wrapper"},"_links":{"self":[{"href":"https:\/\/baldumarket.lt\/lt\/wp-json\/wp\/v2\/product\/222293","targetHints":{"allow":["GET"]}}],"collection":[{"href":"https:\/\/baldumarket.lt\/lt\/wp-json\/wp\/v2\/product"}],"about":[{"href":"https:\/\/baldumarket.lt\/lt\/wp-json\/wp\/v2\/types\/product"}],"replies":[{"embeddable":true,"href":"https:\/\/baldumarket.lt\/lt\/wp-json\/wp\/v2\/comments?post=222293"}],"wp:featuredmedia":[{"embeddable":true,"href":"https:\/\/baldumarket.lt\/lt\/wp-json\/wp\/v2\/media\/222318"}],"wp:attachment":[{"href":"https:\/\/baldumarket.lt\/lt\/wp-json\/wp\/v2\/media?parent=222293"}],"wp:term":[{"taxonomy":"product_brand","embeddable":true,"href":"https:\/\/baldumarket.lt\/lt\/wp-json\/wp\/v2\/product_brand?post=222293"},{"taxonomy":"product_cat","embeddable":true,"href":"https:\/\/baldumarket.lt\/lt\/wp-json\/wp\/v2\/product_cat?post=222293"},{"taxonomy":"product_tag","embeddable":true,"href":"https:\/\/baldumarket.lt\/lt\/wp-json\/wp\/v2\/product_tag?post=222293"}],"curies":[{"name":"wp","href":"https:\/\/api.w.org\/{rel}","templated":true}]}}