{"id":222288,"date":"2025-12-27T23:49:34","date_gmt":"2025-12-27T20:49:34","guid":{"rendered":"https:\/\/baldumarket.lt\/?post_type=product&#038;p=222288"},"modified":"2026-02-03T23:11:12","modified_gmt":"2026-02-03T20:11:12","slug":"szafka-nocna-polibox-wysoka-tapicerowana-z-szufladami-gr5","status":"publish","type":"product","link":"https:\/\/baldumarket.lt\/lt\/product\/szafka-nocna-polibox-wysoka-tapicerowana-z-szufladami-gr5\/","title":{"rendered":"\u201ePolibox\u201c naktinis staliukas \u2013 auk\u0161tas, apmu\u0161tas, su stal\u010diais Gr5"},"content":{"rendered":"<p>\u201ePolibox\u201c naktinis staliukas \u2013 auk\u0161ta spintel\u0117 su dviem prakti\u0161kais stal\u010diais. Korpusas pagamintas i\u0161 baldin\u0117s plok\u0161t\u0117s ir aptrauktas audiniu. Spintel\u0117s vir\u0161us yra stiklinis. Staliuk\u0105 galima rinktis i\u0161 \u012fvairi\u0173 audini\u0173. Apmu\u0161al\u0173 pavyzd\u017ei\u0173 galite rasti \u201eProduct Creator\u201c svetain\u0117je.<\/p>","protected":false},"excerpt":{"rendered":"<p>Plotis: 52 cm<br \/>\nGylis: 39 cm<br \/>\nAuk\u0161tis: 55 cm<br \/>\nStilius: Modernus<br \/>\nMed\u017eiaga: Bald\u0173 lenta, aptraukta apmu\u0161al\u0173 audiniu<\/p>","protected":false},"featured_media":222309,"comment_status":"open","ping_status":"closed","template":"","meta":[],"product_brand":[],"product_cat":[9133],"product_tag":[],"class_list":{"0":"post-222288","1":"product","2":"type-product","3":"status-publish","4":"has-post-thumbnail","6":"product_cat-grouped","8":"first","9":"instock","10":"shipping-taxable","11":"purchasable","12":"product-type-variable","13":"wvs-archive-product-wrapper"},"_links":{"self":[{"href":"https:\/\/baldumarket.lt\/lt\/wp-json\/wp\/v2\/product\/222288","targetHints":{"allow":["GET"]}}],"collection":[{"href":"https:\/\/baldumarket.lt\/lt\/wp-json\/wp\/v2\/product"}],"about":[{"href":"https:\/\/baldumarket.lt\/lt\/wp-json\/wp\/v2\/types\/product"}],"replies":[{"embeddable":true,"href":"https:\/\/baldumarket.lt\/lt\/wp-json\/wp\/v2\/comments?post=222288"}],"wp:featuredmedia":[{"embeddable":true,"href":"https:\/\/baldumarket.lt\/lt\/wp-json\/wp\/v2\/media\/222309"}],"wp:attachment":[{"href":"https:\/\/baldumarket.lt\/lt\/wp-json\/wp\/v2\/media?parent=222288"}],"wp:term":[{"taxonomy":"product_brand","embeddable":true,"href":"https:\/\/baldumarket.lt\/lt\/wp-json\/wp\/v2\/product_brand?post=222288"},{"taxonomy":"product_cat","embeddable":true,"href":"https:\/\/baldumarket.lt\/lt\/wp-json\/wp\/v2\/product_cat?post=222288"},{"taxonomy":"product_tag","embeddable":true,"href":"https:\/\/baldumarket.lt\/lt\/wp-json\/wp\/v2\/product_tag?post=222288"}],"curies":[{"name":"wp","href":"https:\/\/api.w.org\/{rel}","templated":true}]}}