{"id":222270,"date":"2025-12-27T23:48:31","date_gmt":"2025-12-27T20:48:31","guid":{"rendered":"https:\/\/baldumarket.lt\/?post_type=product&#038;p=222270"},"modified":"2026-02-03T23:11:12","modified_gmt":"2026-02-03T20:11:12","slug":"szafka-nocna-polibox-niska-tapicerowana-z-szuflada-i-wneka-gr5","status":"publish","type":"product","link":"https:\/\/baldumarket.lt\/lt\/product\/szafka-nocna-polibox-niska-tapicerowana-z-szuflada-i-wneka-gr5\/","title":{"rendered":"\u201ePolibox\u201c naktinis staliukas, \u017eemas, apmu\u0161tas, su stal\u010diumi ir \u012fduba Gr5"},"content":{"rendered":"<p>\u201ePolibox\u201c naktinis staliukas gali pasigirti gra\u017eiu, audiniu aptrauktu pavir\u0161iumi. Stal\u010dius ir \u012fduba padidina jo prakti\u0161kum\u0105. Vir\u0161us padengtas stiklu. Baldai gali b\u016bti pagaminti i\u0161 \u012fvairi\u0173 med\u017eiag\u0173. Audini\u0173 pavyzd\u017eius galite rasti \u201eProdukto k\u016br\u0117jo\u201c svetain\u0117je.<\/p>","protected":false},"excerpt":{"rendered":"<p>Plotis: 52 cm<br \/>\nGylis: 39 cm<br \/>\nAuk\u0161tis: 38 cm<br \/>\nStilius: Modernus<br \/>\nMed\u017eiaga: Bald\u0173 lenta, aptraukta apmu\u0161al\u0173 audiniu<\/p>","protected":false},"featured_media":222299,"comment_status":"open","ping_status":"closed","template":"","meta":[],"product_brand":[],"product_cat":[9133],"product_tag":[],"class_list":{"0":"post-222270","1":"product","2":"type-product","3":"status-publish","4":"has-post-thumbnail","6":"product_cat-grouped","8":"first","9":"instock","10":"shipping-taxable","11":"purchasable","12":"product-type-variable","13":"wvs-archive-product-wrapper"},"_links":{"self":[{"href":"https:\/\/baldumarket.lt\/lt\/wp-json\/wp\/v2\/product\/222270","targetHints":{"allow":["GET"]}}],"collection":[{"href":"https:\/\/baldumarket.lt\/lt\/wp-json\/wp\/v2\/product"}],"about":[{"href":"https:\/\/baldumarket.lt\/lt\/wp-json\/wp\/v2\/types\/product"}],"replies":[{"embeddable":true,"href":"https:\/\/baldumarket.lt\/lt\/wp-json\/wp\/v2\/comments?post=222270"}],"wp:featuredmedia":[{"embeddable":true,"href":"https:\/\/baldumarket.lt\/lt\/wp-json\/wp\/v2\/media\/222299"}],"wp:attachment":[{"href":"https:\/\/baldumarket.lt\/lt\/wp-json\/wp\/v2\/media?parent=222270"}],"wp:term":[{"taxonomy":"product_brand","embeddable":true,"href":"https:\/\/baldumarket.lt\/lt\/wp-json\/wp\/v2\/product_brand?post=222270"},{"taxonomy":"product_cat","embeddable":true,"href":"https:\/\/baldumarket.lt\/lt\/wp-json\/wp\/v2\/product_cat?post=222270"},{"taxonomy":"product_tag","embeddable":true,"href":"https:\/\/baldumarket.lt\/lt\/wp-json\/wp\/v2\/product_tag?post=222270"}],"curies":[{"name":"wp","href":"https:\/\/api.w.org\/{rel}","templated":true}]}}