{"id":222244,"date":"2025-12-27T23:47:03","date_gmt":"2025-12-27T20:47:03","guid":{"rendered":"https:\/\/baldumarket.lt\/?post_type=product&#038;p=222244"},"modified":"2026-02-03T23:11:14","modified_gmt":"2026-02-03T20:11:14","slug":"wersalka-arona-funkcja-spania-pojemnik-gr1","status":"publish","type":"product","link":"https:\/\/baldumarket.lt\/lt\/product\/wersalka-arona-funkcja-spania-pojemnik-gr1\/","title":{"rendered":"Arona sofa-lova, miegojimo funkcija, Gr1 konteineris"},"content":{"rendered":"<p>\u201eArona\u201c sofa i\u0161 kit\u0173 pana\u0161i\u0173 bald\u0173 i\u0161siskiria atlo\u0161o pagalv\u0117li\u0173 si\u016bl\u0117mis, kurios susilieja \u012f centr\u0105 ir sukuria \u201eeglut\u0117s\u201c ra\u0161t\u0105. \u0160velniai \u012f i\u0161or\u0119 i\u0161lenkti porankiai suteikia sofai elegancijos ir modernumo. Sofa turi miegojimo funkcij\u0105 ir erdv\u0173 daiktad\u0117\u017e\u0119. S\u0117dyn\u0117s pagalv\u0117l\u0117s pagamintos naudojant \u201eLux System\u201c sistem\u0105, kurioje derinamos vingiuotos spyruokl\u0117s, \u201eBonnell\u201c spyruokl\u0117s ir didelio elastingumo HR putos. Baldai su \u0161iuo u\u017epildu yra patvar\u016bs ir labai patog\u016bs. Visas baldas stovi ant medini\u0173 kojeli\u0173, kurios yra \u012fvairi\u0173 populiari\u0173 spalv\u0173. Koj\u0173 spalv\u0173 variantus ir apmu\u0161al\u0173 audini\u0173 pavyzd\u017eius galite rasti \u201eProduct Creator\u201c svetain\u0117je.<\/p>","protected":false},"excerpt":{"rendered":"<p>Plotis: 227 cm<br \/>\nGylis: 93 cm<br \/>\nAuk\u0161tis: 91 cm<br \/>\nS\u0117dyn\u0117s gylis: 57 cm<br \/>\nS\u0117dyn\u0117s auk\u0161tis: 47 cm<\/p>","protected":false},"featured_media":222273,"comment_status":"open","ping_status":"closed","template":"","meta":[],"product_brand":[],"product_cat":[9133],"product_tag":[],"class_list":{"0":"post-222244","1":"product","2":"type-product","3":"status-publish","4":"has-post-thumbnail","6":"product_cat-grouped","8":"first","9":"instock","10":"shipping-taxable","11":"purchasable","12":"product-type-variable","13":"wvs-archive-product-wrapper"},"_links":{"self":[{"href":"https:\/\/baldumarket.lt\/lt\/wp-json\/wp\/v2\/product\/222244","targetHints":{"allow":["GET"]}}],"collection":[{"href":"https:\/\/baldumarket.lt\/lt\/wp-json\/wp\/v2\/product"}],"about":[{"href":"https:\/\/baldumarket.lt\/lt\/wp-json\/wp\/v2\/types\/product"}],"replies":[{"embeddable":true,"href":"https:\/\/baldumarket.lt\/lt\/wp-json\/wp\/v2\/comments?post=222244"}],"wp:featuredmedia":[{"embeddable":true,"href":"https:\/\/baldumarket.lt\/lt\/wp-json\/wp\/v2\/media\/222273"}],"wp:attachment":[{"href":"https:\/\/baldumarket.lt\/lt\/wp-json\/wp\/v2\/media?parent=222244"}],"wp:term":[{"taxonomy":"product_brand","embeddable":true,"href":"https:\/\/baldumarket.lt\/lt\/wp-json\/wp\/v2\/product_brand?post=222244"},{"taxonomy":"product_cat","embeddable":true,"href":"https:\/\/baldumarket.lt\/lt\/wp-json\/wp\/v2\/product_cat?post=222244"},{"taxonomy":"product_tag","embeddable":true,"href":"https:\/\/baldumarket.lt\/lt\/wp-json\/wp\/v2\/product_tag?post=222244"}],"curies":[{"name":"wp","href":"https:\/\/api.w.org\/{rel}","templated":true}]}}