{"id":222222,"date":"2025-12-27T23:45:47","date_gmt":"2025-12-27T20:45:47","guid":{"rendered":"https:\/\/baldumarket.lt\/?post_type=product&#038;p=222222"},"modified":"2026-02-03T23:11:14","modified_gmt":"2026-02-03T20:11:14","slug":"wersalka-diora-funkcja-spania-pojemnik-gr2","status":"publish","type":"product","link":"https:\/\/baldumarket.lt\/lt\/product\/wersalka-diora-funkcja-spania-pojemnik-gr2\/","title":{"rendered":"Diora sofa-lova, miegojimo funkcija, Gr2 konteineris"},"content":{"rendered":"<p>\u201eDiora\u201c sofa-lova \u2013 tai tradicini\u0173 bald\u0173 kvintesencija su moderniu prieskoniu. Ji patogi ir patvari, nes turi vingiuotas spyruokles ir poliuretano putas. Atlo\u0161o ir s\u0117dyn\u0117s pagalv\u0117l\u0117s yra dygsniuotos ir dvigubai susi\u016btos. Sofa turi miegojimo funkcij\u0105 ir prakti\u0161k\u0105 daiktad\u0117\u017e\u0119. Visas baldas stovi ant medin\u0117s kojel\u0117s, kuri\u0105 galima \u012fsigyti \u012fvairi\u0173 mading\u0173 spalv\u0173. Sofa-lova gali b\u016bti aptraukta \u012fvairiais audiniais. Apmu\u0161al\u0173 audini\u0173 ir kojeli\u0173 spalv\u0173 pavyzd\u017eius galite rasti \u201eProduct Creator\u201c svetain\u0117je.<\/p>","protected":false},"excerpt":{"rendered":"<p>Plotis: 221 cm<br \/>\nGylis: 91 cm<br \/>\nAuk\u0161tis: 91 cm<br \/>\nS\u0117dyn\u0117s gylis: 56 cm<br \/>\nS\u0117dyn\u0117s auk\u0161tis: 44 cm<\/p>","protected":false},"featured_media":222263,"comment_status":"open","ping_status":"closed","template":"","meta":[],"product_brand":[],"product_cat":[9133],"product_tag":[],"class_list":{"0":"post-222222","1":"product","2":"type-product","3":"status-publish","4":"has-post-thumbnail","6":"product_cat-grouped","8":"first","9":"instock","10":"shipping-taxable","11":"purchasable","12":"product-type-variable","13":"wvs-archive-product-wrapper"},"_links":{"self":[{"href":"https:\/\/baldumarket.lt\/lt\/wp-json\/wp\/v2\/product\/222222","targetHints":{"allow":["GET"]}}],"collection":[{"href":"https:\/\/baldumarket.lt\/lt\/wp-json\/wp\/v2\/product"}],"about":[{"href":"https:\/\/baldumarket.lt\/lt\/wp-json\/wp\/v2\/types\/product"}],"replies":[{"embeddable":true,"href":"https:\/\/baldumarket.lt\/lt\/wp-json\/wp\/v2\/comments?post=222222"}],"wp:featuredmedia":[{"embeddable":true,"href":"https:\/\/baldumarket.lt\/lt\/wp-json\/wp\/v2\/media\/222263"}],"wp:attachment":[{"href":"https:\/\/baldumarket.lt\/lt\/wp-json\/wp\/v2\/media?parent=222222"}],"wp:term":[{"taxonomy":"product_brand","embeddable":true,"href":"https:\/\/baldumarket.lt\/lt\/wp-json\/wp\/v2\/product_brand?post=222222"},{"taxonomy":"product_cat","embeddable":true,"href":"https:\/\/baldumarket.lt\/lt\/wp-json\/wp\/v2\/product_cat?post=222222"},{"taxonomy":"product_tag","embeddable":true,"href":"https:\/\/baldumarket.lt\/lt\/wp-json\/wp\/v2\/product_tag?post=222222"}],"curies":[{"name":"wp","href":"https:\/\/api.w.org\/{rel}","templated":true}]}}