{"id":222203,"date":"2025-12-27T23:44:22","date_gmt":"2025-12-27T20:44:22","guid":{"rendered":"https:\/\/baldumarket.lt\/?post_type=product&#038;p=222203"},"modified":"2026-02-03T23:11:16","modified_gmt":"2026-02-03T20:11:16","slug":"wersalka-nadia-funkcja-spania-pojemnik-gr1","status":"publish","type":"product","link":"https:\/\/baldumarket.lt\/lt\/product\/wersalka-nadia-funkcja-spania-pojemnik-gr1\/","title":{"rendered":"Nadia sofa-lova, miegojimo funkcija, Gr1 konteineris"},"content":{"rendered":"<p>Gra\u017eioji \u201eNadia\u201c sofa-lova \u017eavi savo skandinavi\u0161ku stiliumi, kur\u012f pabr\u0117\u017eia medin\u0117s kojel\u0117s, pasi\u016btos i\u0161 populiari\u0173 spalv\u0173. Sofoje yra vertikaliai dygsniuotos nugaros pagalv\u0117l\u0117s ir kont\u016bruoti porankiai. S\u0117dyn\u0117s pagalv\u0117l\u0117s yra puikiai u\u017epildytos, u\u017etikrinant auk\u0161t\u0105 komfort\u0105. \u201eLux\u201c sistema derina vingiuotas spyruokles, \u201eBonnell\u201c spyruokles ir didelio elastingumo HR putas. Sofa-lova si\u016bloma su \u012fvairiais audiniais. Kojeli\u0173 spalv\u0173 ir apmu\u0161al\u0173 pavyzd\u017eius galite rasti \u201eProduct Creator\u201c svetain\u0117je.<\/p>","protected":false},"excerpt":{"rendered":"<p>Plotis: 224 cm<br \/>\nGylis: 93 cm<br \/>\nAuk\u0161tis: 92 cm<br \/>\nS\u0117dyn\u0117s gylis: 56 cm<br \/>\nS\u0117dyn\u0117s auk\u0161tis: 48 cm<\/p>","protected":false},"featured_media":222237,"comment_status":"open","ping_status":"closed","template":"","meta":[],"product_brand":[],"product_cat":[9133],"product_tag":[],"class_list":{"0":"post-222203","1":"product","2":"type-product","3":"status-publish","4":"has-post-thumbnail","6":"product_cat-grouped","8":"first","9":"instock","10":"shipping-taxable","11":"purchasable","12":"product-type-variable","13":"wvs-archive-product-wrapper"},"_links":{"self":[{"href":"https:\/\/baldumarket.lt\/lt\/wp-json\/wp\/v2\/product\/222203","targetHints":{"allow":["GET"]}}],"collection":[{"href":"https:\/\/baldumarket.lt\/lt\/wp-json\/wp\/v2\/product"}],"about":[{"href":"https:\/\/baldumarket.lt\/lt\/wp-json\/wp\/v2\/types\/product"}],"replies":[{"embeddable":true,"href":"https:\/\/baldumarket.lt\/lt\/wp-json\/wp\/v2\/comments?post=222203"}],"wp:featuredmedia":[{"embeddable":true,"href":"https:\/\/baldumarket.lt\/lt\/wp-json\/wp\/v2\/media\/222237"}],"wp:attachment":[{"href":"https:\/\/baldumarket.lt\/lt\/wp-json\/wp\/v2\/media?parent=222203"}],"wp:term":[{"taxonomy":"product_brand","embeddable":true,"href":"https:\/\/baldumarket.lt\/lt\/wp-json\/wp\/v2\/product_brand?post=222203"},{"taxonomy":"product_cat","embeddable":true,"href":"https:\/\/baldumarket.lt\/lt\/wp-json\/wp\/v2\/product_cat?post=222203"},{"taxonomy":"product_tag","embeddable":true,"href":"https:\/\/baldumarket.lt\/lt\/wp-json\/wp\/v2\/product_tag?post=222203"}],"curies":[{"name":"wp","href":"https:\/\/api.w.org\/{rel}","templated":true}]}}