{"id":222192,"date":"2025-12-27T23:43:27","date_gmt":"2025-12-27T20:43:27","guid":{"rendered":"https:\/\/baldumarket.lt\/?post_type=product&#038;p=222192"},"modified":"2026-02-03T23:11:16","modified_gmt":"2026-02-03T20:11:16","slug":"lozka-tapicerowane-ariana140x200-cm-gr4","status":"publish","type":"product","link":"https:\/\/baldumarket.lt\/lt\/product\/lozka-tapicerowane-ariana140x200-cm-gr4\/","title":{"rendered":"Mink\u0161tos lovos Ariana 140\u00d7200 cm Gr4"},"content":{"rendered":"<p>Minimalistin\u0117 \u201eAriel\u201c apmu\u0161ta lova, kurios miegamojo plotas yra 140 \u00d7 200 cm, d\u0117l savo kompakti\u0161ko dyd\u017eio idealiai tinka net ir ma\u017eoms erdv\u0117ms. Komplektas i\u0161siskiria platformos konstrukcija ir geometri\u0161kai dygsniuotu galv\u016bgaliu, kuris suteikia puiki\u0105 nugaros atram\u0105 \u017ei\u016brint televizori\u0173 vakare. Stilingas raukinys aplink auk\u0161t\u0105 galv\u016bgal\u012f ir lieknos metalin\u0117s kojel\u0117s u\u017ebaigia vaizd\u0105. Lova si\u016bloma su \u012fvairiais apmu\u0161alais, kuriuos galite rasti gamini\u0173 vedlyje. \u012e komplekt\u0105 ne\u012feina \u010diu\u017einys ir j\u012f reikia surinkti minimaliai.<\/p>","protected":false},"excerpt":{"rendered":"<p>Plotis: 149 cm<br \/>\nIlgis: 212 cm<br \/>\n\u016agis: 106 cm<br \/>\nMiegamasis plotas: 140 \u00d7 200 cm<br \/>\nPatalyn\u0117: Ne<\/p>","protected":false},"featured_media":222227,"comment_status":"open","ping_status":"closed","template":"","meta":[],"product_brand":[],"product_cat":[9133],"product_tag":[],"class_list":{"0":"post-222192","1":"product","2":"type-product","3":"status-publish","4":"has-post-thumbnail","6":"product_cat-grouped","8":"first","9":"instock","10":"shipping-taxable","11":"purchasable","12":"product-type-variable","13":"wvs-archive-product-wrapper"},"_links":{"self":[{"href":"https:\/\/baldumarket.lt\/lt\/wp-json\/wp\/v2\/product\/222192","targetHints":{"allow":["GET"]}}],"collection":[{"href":"https:\/\/baldumarket.lt\/lt\/wp-json\/wp\/v2\/product"}],"about":[{"href":"https:\/\/baldumarket.lt\/lt\/wp-json\/wp\/v2\/types\/product"}],"replies":[{"embeddable":true,"href":"https:\/\/baldumarket.lt\/lt\/wp-json\/wp\/v2\/comments?post=222192"}],"wp:featuredmedia":[{"embeddable":true,"href":"https:\/\/baldumarket.lt\/lt\/wp-json\/wp\/v2\/media\/222227"}],"wp:attachment":[{"href":"https:\/\/baldumarket.lt\/lt\/wp-json\/wp\/v2\/media?parent=222192"}],"wp:term":[{"taxonomy":"product_brand","embeddable":true,"href":"https:\/\/baldumarket.lt\/lt\/wp-json\/wp\/v2\/product_brand?post=222192"},{"taxonomy":"product_cat","embeddable":true,"href":"https:\/\/baldumarket.lt\/lt\/wp-json\/wp\/v2\/product_cat?post=222192"},{"taxonomy":"product_tag","embeddable":true,"href":"https:\/\/baldumarket.lt\/lt\/wp-json\/wp\/v2\/product_tag?post=222192"}],"curies":[{"name":"wp","href":"https:\/\/api.w.org\/{rel}","templated":true}]}}