{"id":222149,"date":"2025-12-27T23:40:57","date_gmt":"2025-12-27T20:40:57","guid":{"rendered":"https:\/\/baldumarket.lt\/?post_type=product&#038;p=222149"},"modified":"2026-02-03T23:11:18","modified_gmt":"2026-02-03T20:11:18","slug":"lozka-tapicerowane-ariel-140x200-cm","status":"publish","type":"product","link":"https:\/\/baldumarket.lt\/lt\/product\/lozka-tapicerowane-ariel-140x200-cm\/","title":{"rendered":"Ariel mink\u0161tos lovos 140&#215;200 cm"},"content":{"rendered":"<p>Patogi \u201eAriel\u201c apmu\u0161ta lova su auk\u0161tu, kont\u016bruotu galv\u016bgaliu traukia d\u0117mes\u012f ir kvie\u010dia atsipalaiduoti. Eleganti\u0161k\u0105 efekt\u0105 sustiprina gilios, vertikalios si\u016bl\u0117s, kurios miegamajam suteikia \u0161ilt\u0105 atmosfer\u0105. Komplekt\u0105 galima i\u0161pl\u0117sti \u010diu\u017einiu, patalyn\u0117s d\u0117\u017ee, \u010diu\u017einio pagrindu ir \u010diu\u017einio pagrindu su dujin\u0117mis amortizatoriais. Lova si\u016bloma su \u012fvairiais audiniais, kurie, kaip ir apsipirkimo galimyb\u0117s, pateikiami produkt\u0173 k\u016br\u0117jo svetain\u0117je.<\/p>","protected":false},"excerpt":{"rendered":"<p>The comfortable Ariel upholstered bed with its high, contoured headboard attracts attention and invites relaxation. The elegant effect is enhanced by deep, vertical stitching, which adds a warm ambiance to the bedroom. The set can be expanded with a mattress, a bedding storage box, a mattress base, and a mattress base with gas struts. The [&hellip;]<\/p>","protected":false},"featured_media":222174,"comment_status":"open","ping_status":"closed","template":"","meta":[],"product_brand":[],"product_cat":[505,1970,7906],"product_tag":[],"class_list":{"0":"post-222149","1":"product","2":"type-product","3":"status-publish","4":"has-post-thumbnail","6":"product_cat-bedroom-beds","7":"product_cat-beds-140x200","8":"product_cat-comforteo","10":"first","11":"instock","12":"shipping-taxable","13":"product-type-grouped"},"_links":{"self":[{"href":"https:\/\/baldumarket.lt\/lt\/wp-json\/wp\/v2\/product\/222149","targetHints":{"allow":["GET"]}}],"collection":[{"href":"https:\/\/baldumarket.lt\/lt\/wp-json\/wp\/v2\/product"}],"about":[{"href":"https:\/\/baldumarket.lt\/lt\/wp-json\/wp\/v2\/types\/product"}],"replies":[{"embeddable":true,"href":"https:\/\/baldumarket.lt\/lt\/wp-json\/wp\/v2\/comments?post=222149"}],"wp:featuredmedia":[{"embeddable":true,"href":"https:\/\/baldumarket.lt\/lt\/wp-json\/wp\/v2\/media\/222174"}],"wp:attachment":[{"href":"https:\/\/baldumarket.lt\/lt\/wp-json\/wp\/v2\/media?parent=222149"}],"wp:term":[{"taxonomy":"product_brand","embeddable":true,"href":"https:\/\/baldumarket.lt\/lt\/wp-json\/wp\/v2\/product_brand?post=222149"},{"taxonomy":"product_cat","embeddable":true,"href":"https:\/\/baldumarket.lt\/lt\/wp-json\/wp\/v2\/product_cat?post=222149"},{"taxonomy":"product_tag","embeddable":true,"href":"https:\/\/baldumarket.lt\/lt\/wp-json\/wp\/v2\/product_tag?post=222149"}],"curies":[{"name":"wp","href":"https:\/\/api.w.org\/{rel}","templated":true}]}}