{"id":222131,"date":"2025-12-27T23:39:43","date_gmt":"2025-12-27T20:39:43","guid":{"rendered":"https:\/\/baldumarket.lt\/?post_type=product&#038;p=222131"},"modified":"2026-02-03T23:11:19","modified_gmt":"2026-02-03T20:11:19","slug":"lozka-tapicerowane-ariel-160x200-cm","status":"publish","type":"product","link":"https:\/\/baldumarket.lt\/lt\/product\/lozka-tapicerowane-ariel-160x200-cm\/","title":{"rendered":"Ariel mink\u0161tos lovos 160\u00d7200 cm"},"content":{"rendered":"<p>Patogi ir mink\u0161ta \u201eAriel\u201c lova su 160 \u00d7 200 cm miegamojo plotu ir auk\u0161tu, kont\u016bruotu galv\u016bgaliu traukia d\u0117mes\u012f ir skatina atsipalaiduoti. Gilios, vertikalios si\u016bl\u0117s sustiprina eleganti\u0161k\u0105 efekt\u0105, sukurdamos miegamojo atmosfer\u0105. Komplekt\u0105 galima i\u0161pl\u0117sti \u010diu\u017einiu, patalyn\u0117s d\u0117\u017ee, \u010diu\u017einio pagrindu ir \u010diu\u017einio pagrindu su dujin\u0117mis amortizatoriais. Lova si\u016bloma i\u0161 plataus audini\u0173 asortimento, kur\u012f, kaip ir apsipirkimo galimybes, rasite produkt\u0173 k\u016br\u0117jo svetain\u0117je. Medin\u0117s kojel\u0117s yra mading\u0173 spalv\u0173.<\/p>","protected":false},"excerpt":{"rendered":"<p>The comfortable and upholstered Ariel bed, with a sleeping area of \u200b\u200b160&#215;200 cm and a high, contoured headboard, draws attention and encourages relaxation. Deep, vertical stitching enhances the elegant effect, warming the bedroom atmosphere. The set can be expanded with a mattress, a bedding storage box, a mattress base, and a mattress base with gas [&hellip;]<\/p>","protected":false},"featured_media":222157,"comment_status":"open","ping_status":"closed","template":"","meta":[],"product_brand":[],"product_cat":[505,1971,7906],"product_tag":[],"class_list":{"0":"post-222131","1":"product","2":"type-product","3":"status-publish","4":"has-post-thumbnail","6":"product_cat-bedroom-beds","7":"product_cat-beds-160x200","8":"product_cat-comforteo","10":"first","11":"instock","12":"shipping-taxable","13":"product-type-grouped"},"_links":{"self":[{"href":"https:\/\/baldumarket.lt\/lt\/wp-json\/wp\/v2\/product\/222131","targetHints":{"allow":["GET"]}}],"collection":[{"href":"https:\/\/baldumarket.lt\/lt\/wp-json\/wp\/v2\/product"}],"about":[{"href":"https:\/\/baldumarket.lt\/lt\/wp-json\/wp\/v2\/types\/product"}],"replies":[{"embeddable":true,"href":"https:\/\/baldumarket.lt\/lt\/wp-json\/wp\/v2\/comments?post=222131"}],"wp:featuredmedia":[{"embeddable":true,"href":"https:\/\/baldumarket.lt\/lt\/wp-json\/wp\/v2\/media\/222157"}],"wp:attachment":[{"href":"https:\/\/baldumarket.lt\/lt\/wp-json\/wp\/v2\/media?parent=222131"}],"wp:term":[{"taxonomy":"product_brand","embeddable":true,"href":"https:\/\/baldumarket.lt\/lt\/wp-json\/wp\/v2\/product_brand?post=222131"},{"taxonomy":"product_cat","embeddable":true,"href":"https:\/\/baldumarket.lt\/lt\/wp-json\/wp\/v2\/product_cat?post=222131"},{"taxonomy":"product_tag","embeddable":true,"href":"https:\/\/baldumarket.lt\/lt\/wp-json\/wp\/v2\/product_tag?post=222131"}],"curies":[{"name":"wp","href":"https:\/\/api.w.org\/{rel}","templated":true}]}}