{"id":222098,"date":"2025-12-27T23:37:38","date_gmt":"2025-12-27T20:37:38","guid":{"rendered":"https:\/\/baldumarket.lt\/?post_type=product&#038;p=222098"},"modified":"2026-02-03T23:11:21","modified_gmt":"2026-02-03T20:11:21","slug":"lozka-tapicerowane-ariel-180x200-cm-gr2","status":"publish","type":"product","link":"https:\/\/baldumarket.lt\/lt\/product\/lozka-tapicerowane-ariel-180x200-cm-gr2\/","title":{"rendered":"Ariel mink\u0161tos lovos 180&#215;200 cm Gr2"},"content":{"rendered":"<p>Didel\u0117 ir patogi \u201eAriel\u201c apmu\u0161ta lova su 180 x 200 cm miegamojo plotu ir auk\u0161tu, kont\u016bruotu galv\u016bgaliu traukia d\u0117mes\u012f ir skatina atsipalaiduoti. Gilios, vertikalios si\u016bl\u0117s sustiprina eleganti\u0161k\u0105 efekt\u0105, sukurdamos miegamojo atmosfer\u0105. Apmu\u0161tas galv\u016bgalis suteikia puiki\u0105 nugaros atram\u0105 skaitant knyg\u0105. Komplekt\u0105 galima i\u0161pl\u0117sti \u010diu\u017einiu, patalyn\u0117s d\u0117\u017ee, \u010diu\u017einio pagrindu ir \u010diu\u017einio pagrindu su dujin\u0117mis amortizatoriais. Lova si\u016bloma i\u0161 plataus audini\u0173 asortimento, kur\u012f, kaip ir apsipirkimo galimybes, rasite produkt\u0173 k\u016br\u0117jo svetain\u0117je. Medin\u0117s kojel\u0117s yra mading\u0173 spalv\u0173.<\/p>","protected":false},"excerpt":{"rendered":"<p>Plotis: 195 cm<br \/>\nIlgis: 220 cm<br \/>\n\u016agis: 108 cm<br \/>\nMiegamoji erdv\u0117: 180 \u00d7 200 cm<br \/>\nPatalyn\u0117: pirkimo parinktis produkt\u0173 k\u016brimo priemon\u0117je<\/p>","protected":false},"featured_media":222138,"comment_status":"open","ping_status":"closed","template":"","meta":[],"product_brand":[],"product_cat":[9133],"product_tag":[],"class_list":{"0":"post-222098","1":"product","2":"type-product","3":"status-publish","4":"has-post-thumbnail","6":"product_cat-grouped","8":"first","9":"instock","10":"shipping-taxable","11":"purchasable","12":"product-type-variable","13":"wvs-archive-product-wrapper"},"_links":{"self":[{"href":"https:\/\/baldumarket.lt\/lt\/wp-json\/wp\/v2\/product\/222098","targetHints":{"allow":["GET"]}}],"collection":[{"href":"https:\/\/baldumarket.lt\/lt\/wp-json\/wp\/v2\/product"}],"about":[{"href":"https:\/\/baldumarket.lt\/lt\/wp-json\/wp\/v2\/types\/product"}],"replies":[{"embeddable":true,"href":"https:\/\/baldumarket.lt\/lt\/wp-json\/wp\/v2\/comments?post=222098"}],"wp:featuredmedia":[{"embeddable":true,"href":"https:\/\/baldumarket.lt\/lt\/wp-json\/wp\/v2\/media\/222138"}],"wp:attachment":[{"href":"https:\/\/baldumarket.lt\/lt\/wp-json\/wp\/v2\/media?parent=222098"}],"wp:term":[{"taxonomy":"product_brand","embeddable":true,"href":"https:\/\/baldumarket.lt\/lt\/wp-json\/wp\/v2\/product_brand?post=222098"},{"taxonomy":"product_cat","embeddable":true,"href":"https:\/\/baldumarket.lt\/lt\/wp-json\/wp\/v2\/product_cat?post=222098"},{"taxonomy":"product_tag","embeddable":true,"href":"https:\/\/baldumarket.lt\/lt\/wp-json\/wp\/v2\/product_tag?post=222098"}],"curies":[{"name":"wp","href":"https:\/\/api.w.org\/{rel}","templated":true}]}}