{"id":222095,"date":"2025-12-27T23:37:34","date_gmt":"2025-12-27T20:37:34","guid":{"rendered":"https:\/\/baldumarket.lt\/?post_type=product&#038;p=222095"},"modified":"2026-02-03T23:11:22","modified_gmt":"2026-02-03T20:11:22","slug":"lozka-tapicerowane-aston-standard-140x200-cm","status":"publish","type":"product","link":"https:\/\/baldumarket.lt\/lt\/product\/lozka-tapicerowane-aston-standard-140x200-cm\/","title":{"rendered":"Aston standartin\u0117s mink\u0161tos lovos 140&#215;200 cm"},"content":{"rendered":"<p>\u201eAston Standard\u201c mink\u0161ta lova, kurios miegamojo plotas yra 140 \u00d7 200 cm, pasi\u017eymi gra\u017eiu mink\u0161tu galv\u016bgaliu, dygsniuotu audiniu aptrauktomis sagomis. Auk\u0161tas, mink\u0161tas galv\u016bgalis suteikia puiki\u0105 nugaros atram\u0105 vakare skaitant. Komplekt\u0105 galima suasmeninti pasirenkant koj\u0173 ir apmu\u0161al\u0173 tip\u0105 bei spalv\u0105. Lova komplektuojama be standartinio \u010diu\u017einio ir gali b\u016bti i\u0161pl\u0117sta patalyn\u0117s d\u0117\u017ee, \u010diu\u017einio pagrindu arba \u010diu\u017einio pagrindu su dujiniais keltuvais. Audini\u0173 ir spalv\u0173 pavyzd\u017eius, taip pat papildomas pirkimo galimybes rasite produkt\u0173 k\u016br\u0117jo svetain\u0117je.<\/p>","protected":false},"excerpt":{"rendered":"<p>The Aston Standard Upholstered Bed, with a sleeping area of \u200b\u200b140&#215;200 cm, features a beautiful upholstered headboard, quilted with fabric-covered buttons. The high, soft headboard provides excellent back support for evening reading. The set can be personalized by choosing the type and color of legs and upholstery. The bed does not come with a standard [&hellip;]<\/p>","protected":false},"featured_media":222114,"comment_status":"open","ping_status":"closed","template":"","meta":[],"product_brand":[],"product_cat":[505,1970,7906],"product_tag":[],"class_list":{"0":"post-222095","1":"product","2":"type-product","3":"status-publish","4":"has-post-thumbnail","6":"product_cat-bedroom-beds","7":"product_cat-beds-140x200","8":"product_cat-comforteo","10":"first","11":"instock","12":"shipping-taxable","13":"product-type-grouped"},"_links":{"self":[{"href":"https:\/\/baldumarket.lt\/lt\/wp-json\/wp\/v2\/product\/222095","targetHints":{"allow":["GET"]}}],"collection":[{"href":"https:\/\/baldumarket.lt\/lt\/wp-json\/wp\/v2\/product"}],"about":[{"href":"https:\/\/baldumarket.lt\/lt\/wp-json\/wp\/v2\/types\/product"}],"replies":[{"embeddable":true,"href":"https:\/\/baldumarket.lt\/lt\/wp-json\/wp\/v2\/comments?post=222095"}],"wp:featuredmedia":[{"embeddable":true,"href":"https:\/\/baldumarket.lt\/lt\/wp-json\/wp\/v2\/media\/222114"}],"wp:attachment":[{"href":"https:\/\/baldumarket.lt\/lt\/wp-json\/wp\/v2\/media?parent=222095"}],"wp:term":[{"taxonomy":"product_brand","embeddable":true,"href":"https:\/\/baldumarket.lt\/lt\/wp-json\/wp\/v2\/product_brand?post=222095"},{"taxonomy":"product_cat","embeddable":true,"href":"https:\/\/baldumarket.lt\/lt\/wp-json\/wp\/v2\/product_cat?post=222095"},{"taxonomy":"product_tag","embeddable":true,"href":"https:\/\/baldumarket.lt\/lt\/wp-json\/wp\/v2\/product_tag?post=222095"}],"curies":[{"name":"wp","href":"https:\/\/api.w.org\/{rel}","templated":true}]}}