{"id":222065,"date":"2025-12-27T23:35:43","date_gmt":"2025-12-27T20:35:43","guid":{"rendered":"https:\/\/baldumarket.lt\/?post_type=product&#038;p=222065"},"modified":"2026-02-03T23:11:23","modified_gmt":"2026-02-03T20:11:23","slug":"lozka-tapicerowane-aston-standard-160x200-cm-gr2","status":"publish","type":"product","link":"https:\/\/baldumarket.lt\/lt\/product\/lozka-tapicerowane-aston-standard-160x200-cm-gr2\/","title":{"rendered":"Aston standartin\u0117s mink\u0161tos lovos 160&#215;200 cm Gr2"},"content":{"rendered":"<p>\u201eAston Standard\u201c mink\u0161ta lova, kurios miegamojo plotas yra 160 \u00d7 200 cm, pasi\u017eymi patraukliu, mink\u0161tu galv\u016bgaliu, dygsniuotu dekoratyviniu audiniu aptrauktomis sagomis. Auk\u0161tas, mink\u0161tas galv\u016bgalis suteikia puiki\u0105 nugaros atram\u0105 vakare skaitant ar \u017ei\u016brint m\u0117gstamus serialus. Komplekt\u0105 galima suasmeninti pasirenkant koj\u0173 ir apmu\u0161al\u0173 tip\u0105 bei spalv\u0105. Lova neturi standartinio \u010diu\u017einio ir gali b\u016bti i\u0161pl\u0117sta patalyn\u0117s d\u0117\u017ee, \u010diu\u017einio pagrindu arba \u010diu\u017einio pagrindu su dujiniais keltuvais. Audini\u0173 ir spalv\u0173 pavyzd\u017eius bei papildomas pirkimo galimybes rasite produkto k\u016br\u0117jo svetain\u0117je. B\u016btinas surinkimas.<\/p>","protected":false},"excerpt":{"rendered":"<p>Plotis: 178 cm<br \/>\nIlgis: 223 cm<br \/>\n\u016agis: 112 cm<br \/>\nMiegamoji erdv\u0117: 160 \u00d7 200 cm<br \/>\n\u0160oninis auk\u0161tis: 40 cm<\/p>","protected":false},"featured_media":222103,"comment_status":"open","ping_status":"closed","template":"","meta":[],"product_brand":[],"product_cat":[9133],"product_tag":[],"class_list":{"0":"post-222065","1":"product","2":"type-product","3":"status-publish","4":"has-post-thumbnail","6":"product_cat-grouped","8":"first","9":"instock","10":"shipping-taxable","11":"purchasable","12":"product-type-variable","13":"wvs-archive-product-wrapper"},"_links":{"self":[{"href":"https:\/\/baldumarket.lt\/lt\/wp-json\/wp\/v2\/product\/222065","targetHints":{"allow":["GET"]}}],"collection":[{"href":"https:\/\/baldumarket.lt\/lt\/wp-json\/wp\/v2\/product"}],"about":[{"href":"https:\/\/baldumarket.lt\/lt\/wp-json\/wp\/v2\/types\/product"}],"replies":[{"embeddable":true,"href":"https:\/\/baldumarket.lt\/lt\/wp-json\/wp\/v2\/comments?post=222065"}],"wp:featuredmedia":[{"embeddable":true,"href":"https:\/\/baldumarket.lt\/lt\/wp-json\/wp\/v2\/media\/222103"}],"wp:attachment":[{"href":"https:\/\/baldumarket.lt\/lt\/wp-json\/wp\/v2\/media?parent=222065"}],"wp:term":[{"taxonomy":"product_brand","embeddable":true,"href":"https:\/\/baldumarket.lt\/lt\/wp-json\/wp\/v2\/product_brand?post=222065"},{"taxonomy":"product_cat","embeddable":true,"href":"https:\/\/baldumarket.lt\/lt\/wp-json\/wp\/v2\/product_cat?post=222065"},{"taxonomy":"product_tag","embeddable":true,"href":"https:\/\/baldumarket.lt\/lt\/wp-json\/wp\/v2\/product_tag?post=222065"}],"curies":[{"name":"wp","href":"https:\/\/api.w.org\/{rel}","templated":true}]}}