{"id":222062,"date":"2025-12-27T23:35:38","date_gmt":"2025-12-27T20:35:38","guid":{"rendered":"https:\/\/baldumarket.lt\/?post_type=product&#038;p=222062"},"modified":"2026-02-03T23:11:24","modified_gmt":"2026-02-03T20:11:24","slug":"lozka-tapicerowane-aston-standard-180x200-cm","status":"publish","type":"product","link":"https:\/\/baldumarket.lt\/lt\/product\/lozka-tapicerowane-aston-standard-180x200-cm\/","title":{"rendered":"Aston standartin\u0117s mink\u0161tos lovos 180&#215;200 cm"},"content":{"rendered":"<p>Eleganti\u0161ka, didel\u0117 \u201eAston Standard\u201c mink\u0161ta lova, kurios matmenys \u2013 180 \u00d7 200 cm, pasi\u017eymi patraukliu, mink\u0161tu galv\u016bgaliu, dygsniuotu dekoratyviniu audiniu aptrauktomis sagomis. Auk\u0161tas, mink\u0161tas galv\u016bgalis suteikia puiki\u0105 nugaros atram\u0105 \u017ei\u016brint m\u0117gstamus serialus. Komplekt\u0105 galima suasmeninti pasirenkant koj\u0173 ir apmu\u0161al\u0173 tip\u0105 bei spalv\u0105. Lova parduodama be \u010diu\u017einio ir gali b\u016bti i\u0161pl\u0117sta patalyn\u0117s d\u0117\u017ee, \u010diu\u017einio pagrindu arba \u010diu\u017einio pagrindu su dujin\u0117mis amortizatoriais. Platus audini\u0173 ir spalv\u0173 pavyzd\u017ei\u0173, taip pat papildom\u0173 pirkimo galimybi\u0173 rasite \u201eProdukto k\u016br\u0117jo\u201c svetain\u0117je. Baldams reikia minimalaus surinkimo, jie tiekiami su ai\u0161kiomis instrukcijomis.<\/p>","protected":false},"excerpt":{"rendered":"<p>The elegant, large Aston Standard upholstered bed, measuring 180&#215;200 cm, features an attractive, upholstered headboard, quilted with buttons covered in decorative fabric. The high, soft headboard provides excellent back support while watching your favorite TV series. The set can be personalized by choosing the type and color of legs and upholstery. The bed comes without [&hellip;]<\/p>","protected":false},"featured_media":222082,"comment_status":"open","ping_status":"closed","template":"","meta":[],"product_brand":[],"product_cat":[505,1972,7906],"product_tag":[],"class_list":{"0":"post-222062","1":"product","2":"type-product","3":"status-publish","4":"has-post-thumbnail","6":"product_cat-bedroom-beds","7":"product_cat-beds-180x200","8":"product_cat-comforteo","10":"first","11":"instock","12":"shipping-taxable","13":"product-type-grouped"},"_links":{"self":[{"href":"https:\/\/baldumarket.lt\/lt\/wp-json\/wp\/v2\/product\/222062","targetHints":{"allow":["GET"]}}],"collection":[{"href":"https:\/\/baldumarket.lt\/lt\/wp-json\/wp\/v2\/product"}],"about":[{"href":"https:\/\/baldumarket.lt\/lt\/wp-json\/wp\/v2\/types\/product"}],"replies":[{"embeddable":true,"href":"https:\/\/baldumarket.lt\/lt\/wp-json\/wp\/v2\/comments?post=222062"}],"wp:featuredmedia":[{"embeddable":true,"href":"https:\/\/baldumarket.lt\/lt\/wp-json\/wp\/v2\/media\/222082"}],"wp:attachment":[{"href":"https:\/\/baldumarket.lt\/lt\/wp-json\/wp\/v2\/media?parent=222062"}],"wp:term":[{"taxonomy":"product_brand","embeddable":true,"href":"https:\/\/baldumarket.lt\/lt\/wp-json\/wp\/v2\/product_brand?post=222062"},{"taxonomy":"product_cat","embeddable":true,"href":"https:\/\/baldumarket.lt\/lt\/wp-json\/wp\/v2\/product_cat?post=222062"},{"taxonomy":"product_tag","embeddable":true,"href":"https:\/\/baldumarket.lt\/lt\/wp-json\/wp\/v2\/product_tag?post=222062"}],"curies":[{"name":"wp","href":"https:\/\/api.w.org\/{rel}","templated":true}]}}