{"id":222047,"date":"2025-12-27T23:34:23","date_gmt":"2025-12-27T20:34:23","guid":{"rendered":"https:\/\/baldumarket.lt\/?post_type=product&#038;p=222047"},"modified":"2026-02-03T23:11:24","modified_gmt":"2026-02-03T20:11:24","slug":"lozka-tapicerowane-basic-standard-140x200-cm","status":"publish","type":"product","link":"https:\/\/baldumarket.lt\/lt\/product\/lozka-tapicerowane-basic-standard-140x200-cm\/","title":{"rendered":"Mink\u0161tos lovos Basic standartin\u0117s 140&#215;200 cm"},"content":{"rendered":"<p>Mink\u0161ta \u201eBasic Standard\u201c lova, kurios miegamojo plotas yra 140 \u00d7 200 cm, yra tradicinio, paprasto, minimalistinio dizaino, pasi\u017eymin\u010dio nepriekai\u0161tinga, mink\u0161ta galv\u016bgaliu. Lova neturi si\u016bli\u0173 ar raukini\u0173. Eleganti\u0161ka, \u0161vari forma leid\u017eia lovai papildyti beveik bet kok\u012f interjero stili\u0173. Komplekt\u0105 galima i\u0161pl\u0117sti \u010diu\u017einio pagrindu, \u010diu\u017einio pagrindu su dujiniu pak\u0117limu ir patalyn\u0117s d\u0117\u017ee. Baldai si\u016blomi su \u012fvairiomis apmu\u0161al\u0173 med\u017eiagomis. Medini\u0173 koj\u0173 spalv\u0173 ir tip\u0173 pavyzd\u017eius bei audini\u0173 pavyzd\u017eius galite rasti \u201eProduct Creator\u201c svetain\u0117je.<\/p>","protected":false},"excerpt":{"rendered":"<p>The Basic Standard upholstered bed, with a sleeping area of \u200b\u200b140&#215;200 cm, is a traditional, simple, minimalist design characterized by a pristine, upholstered headboard. The piece features no seams or ruffles. Its elegant, clean form allows the bed to complement almost any interior design style. The set can be expanded with a mattress base, a [&hellip;]<\/p>","protected":false},"featured_media":222071,"comment_status":"open","ping_status":"closed","template":"","meta":[],"product_brand":[],"product_cat":[505,1970,7906],"product_tag":[],"class_list":{"0":"post-222047","1":"product","2":"type-product","3":"status-publish","4":"has-post-thumbnail","6":"product_cat-bedroom-beds","7":"product_cat-beds-140x200","8":"product_cat-comforteo","10":"first","11":"instock","12":"shipping-taxable","13":"product-type-grouped"},"_links":{"self":[{"href":"https:\/\/baldumarket.lt\/lt\/wp-json\/wp\/v2\/product\/222047","targetHints":{"allow":["GET"]}}],"collection":[{"href":"https:\/\/baldumarket.lt\/lt\/wp-json\/wp\/v2\/product"}],"about":[{"href":"https:\/\/baldumarket.lt\/lt\/wp-json\/wp\/v2\/types\/product"}],"replies":[{"embeddable":true,"href":"https:\/\/baldumarket.lt\/lt\/wp-json\/wp\/v2\/comments?post=222047"}],"wp:featuredmedia":[{"embeddable":true,"href":"https:\/\/baldumarket.lt\/lt\/wp-json\/wp\/v2\/media\/222071"}],"wp:attachment":[{"href":"https:\/\/baldumarket.lt\/lt\/wp-json\/wp\/v2\/media?parent=222047"}],"wp:term":[{"taxonomy":"product_brand","embeddable":true,"href":"https:\/\/baldumarket.lt\/lt\/wp-json\/wp\/v2\/product_brand?post=222047"},{"taxonomy":"product_cat","embeddable":true,"href":"https:\/\/baldumarket.lt\/lt\/wp-json\/wp\/v2\/product_cat?post=222047"},{"taxonomy":"product_tag","embeddable":true,"href":"https:\/\/baldumarket.lt\/lt\/wp-json\/wp\/v2\/product_tag?post=222047"}],"curies":[{"name":"wp","href":"https:\/\/api.w.org\/{rel}","templated":true}]}}