{"id":222028,"date":"2025-12-27T23:33:06","date_gmt":"2025-12-27T20:33:06","guid":{"rendered":"https:\/\/baldumarket.lt\/?post_type=product&#038;p=222028"},"modified":"2026-02-03T23:11:27","modified_gmt":"2026-02-03T20:11:27","slug":"lozka-tapicerowane-basic-standard-160x200-cm-gr4","status":"publish","type":"product","link":"https:\/\/baldumarket.lt\/lt\/product\/lozka-tapicerowane-basic-standard-160x200-cm-gr4\/","title":{"rendered":"Mink\u0161tos lovos Basic standartin\u0117s 160&#215;200 cm Gr4"},"content":{"rendered":"<p>Lova \u201eBasic\u201c su mink\u0161tu galv\u016bgaliu, kurios miegamojo plotas yra 160 \u00d7 200 cm, yra tradicinio, paprasto, minimalistinio dizaino, pasi\u017eymin\u010dio nepriekai\u0161tinga, mink\u0161ta galv\u016bgaliu. Lovos galv\u016bgalis yra mink\u0161tas, be si\u016bli\u0173 ir dygsniavimo. Eleganti\u0161kas, \u0161varus dizainas leid\u017eia lovai papildyti beveik bet kok\u012f interjero stili\u0173. Komplekt\u0105 galima i\u0161pl\u0117sti \u010diu\u017einio pagrindu, \u010diu\u017einio pagrindu su dujiniu pak\u0117limu ir patalyn\u0117s skyriumi. Baldai si\u016blomi su \u012fvairiomis apmu\u0161al\u0173 med\u017eiagomis. Medini\u0173 koj\u0173 spalv\u0173 ir tip\u0173 pavyzd\u017eius bei audini\u0173 pavyzd\u017eius galite rasti \u201eProduct Creator\u201c svetain\u0117je.<\/p>","protected":false},"excerpt":{"rendered":"<p>Plotis: 178 cm<br \/>\nIlgis: 223 cm<br \/>\n\u016agis: 106 cm<br \/>\nMiegamoji erdv\u0117: 160 \u00d7 200 cm<br \/>\n\u0160oninis auk\u0161tis: 34 cm<\/p>","protected":false},"featured_media":222052,"comment_status":"open","ping_status":"closed","template":"","meta":[],"product_brand":[],"product_cat":[9133],"product_tag":[],"class_list":{"0":"post-222028","1":"product","2":"type-product","3":"status-publish","4":"has-post-thumbnail","6":"product_cat-grouped","8":"first","9":"instock","10":"shipping-taxable","11":"purchasable","12":"product-type-variable","13":"wvs-archive-product-wrapper"},"_links":{"self":[{"href":"https:\/\/baldumarket.lt\/lt\/wp-json\/wp\/v2\/product\/222028","targetHints":{"allow":["GET"]}}],"collection":[{"href":"https:\/\/baldumarket.lt\/lt\/wp-json\/wp\/v2\/product"}],"about":[{"href":"https:\/\/baldumarket.lt\/lt\/wp-json\/wp\/v2\/types\/product"}],"replies":[{"embeddable":true,"href":"https:\/\/baldumarket.lt\/lt\/wp-json\/wp\/v2\/comments?post=222028"}],"wp:featuredmedia":[{"embeddable":true,"href":"https:\/\/baldumarket.lt\/lt\/wp-json\/wp\/v2\/media\/222052"}],"wp:attachment":[{"href":"https:\/\/baldumarket.lt\/lt\/wp-json\/wp\/v2\/media?parent=222028"}],"wp:term":[{"taxonomy":"product_brand","embeddable":true,"href":"https:\/\/baldumarket.lt\/lt\/wp-json\/wp\/v2\/product_brand?post=222028"},{"taxonomy":"product_cat","embeddable":true,"href":"https:\/\/baldumarket.lt\/lt\/wp-json\/wp\/v2\/product_cat?post=222028"},{"taxonomy":"product_tag","embeddable":true,"href":"https:\/\/baldumarket.lt\/lt\/wp-json\/wp\/v2\/product_tag?post=222028"}],"curies":[{"name":"wp","href":"https:\/\/api.w.org\/{rel}","templated":true}]}}