{"id":222001,"date":"2025-12-27T23:31:45","date_gmt":"2025-12-27T20:31:45","guid":{"rendered":"https:\/\/baldumarket.lt\/?post_type=product&#038;p=222001"},"modified":"2026-02-03T23:11:28","modified_gmt":"2026-02-03T20:11:28","slug":"lozka-tapicerowane-basic-standard-180x200-cm-gr3","status":"publish","type":"product","link":"https:\/\/baldumarket.lt\/lt\/product\/lozka-tapicerowane-basic-standard-180x200-cm-gr3\/","title":{"rendered":"Mink\u0161tos lovos Basic standartin\u0117s 180&#215;200 cm Gr3"},"content":{"rendered":"<p>Mink\u0161ta \u2019Basic Standard\u201c lova su didele 180 x 200 cm miegojimo zona yra tradicinio, paprasto, minimalistinio dizaino, pasi\u017eymin\u010dio nepriekai\u0161tinga, \u0161varia mink\u0161ta galv\u016bgaliu. Baldas pasi\u017eymi mink\u0161tu, mink\u0161tu galv\u016bgaliu be joki\u0173 si\u016bli\u0173 ar dygsniavimo. D\u0117l eleganti\u0161ko, sant\u016braus dizaino lova der\u0117s prie beveik bet kokio kambario interjero. Komplekt\u0105 galima i\u0161pl\u0117sti \u010diu\u017einio pagrindu, \u010diu\u017einio pagrindu su dujiniu pak\u0117limu ir patalyn\u0117s daiktad\u0117\u017ee. Baldai si\u016blomi su \u012fvairiais apmu\u0161al\u0173 audiniais. Medini\u0173 kojeli\u0173 spalvos ir tipo pavyzd\u017eius kartu su audini\u0173 pavyzd\u017eiais galite rasti \u201eProduct Creator\u201c svetain\u0117je. \u010ciu\u017einys \u012f komplekt\u0105 ne\u012feina.<\/p>","protected":false},"excerpt":{"rendered":"<p>Plotis: 198 cm<br \/>\nIlgis: 223 cm<br \/>\n\u016agis: 106 cm<br \/>\nMiegamoji erdv\u0117: 180 \u00d7 200 cm<br \/>\n\u0160oninis auk\u0161tis: 34 cm<\/p>","protected":false},"featured_media":222041,"comment_status":"open","ping_status":"closed","template":"","meta":[],"product_brand":[],"product_cat":[9133],"product_tag":[],"class_list":{"0":"post-222001","1":"product","2":"type-product","3":"status-publish","4":"has-post-thumbnail","6":"product_cat-grouped","8":"first","9":"instock","10":"shipping-taxable","11":"purchasable","12":"product-type-variable","13":"wvs-archive-product-wrapper"},"_links":{"self":[{"href":"https:\/\/baldumarket.lt\/lt\/wp-json\/wp\/v2\/product\/222001","targetHints":{"allow":["GET"]}}],"collection":[{"href":"https:\/\/baldumarket.lt\/lt\/wp-json\/wp\/v2\/product"}],"about":[{"href":"https:\/\/baldumarket.lt\/lt\/wp-json\/wp\/v2\/types\/product"}],"replies":[{"embeddable":true,"href":"https:\/\/baldumarket.lt\/lt\/wp-json\/wp\/v2\/comments?post=222001"}],"wp:featuredmedia":[{"embeddable":true,"href":"https:\/\/baldumarket.lt\/lt\/wp-json\/wp\/v2\/media\/222041"}],"wp:attachment":[{"href":"https:\/\/baldumarket.lt\/lt\/wp-json\/wp\/v2\/media?parent=222001"}],"wp:term":[{"taxonomy":"product_brand","embeddable":true,"href":"https:\/\/baldumarket.lt\/lt\/wp-json\/wp\/v2\/product_brand?post=222001"},{"taxonomy":"product_cat","embeddable":true,"href":"https:\/\/baldumarket.lt\/lt\/wp-json\/wp\/v2\/product_cat?post=222001"},{"taxonomy":"product_tag","embeddable":true,"href":"https:\/\/baldumarket.lt\/lt\/wp-json\/wp\/v2\/product_tag?post=222001"}],"curies":[{"name":"wp","href":"https:\/\/api.w.org\/{rel}","templated":true}]}}