{"id":221996,"date":"2025-12-27T23:31:39","date_gmt":"2025-12-27T20:31:39","guid":{"rendered":"https:\/\/baldumarket.lt\/?post_type=product&#038;p=221996"},"modified":"2026-02-03T23:11:29","modified_gmt":"2026-02-03T20:11:29","slug":"lozka-tapicerowane-chester-standard-140x200-cm","status":"publish","type":"product","link":"https:\/\/baldumarket.lt\/lt\/product\/lozka-tapicerowane-chester-standard-140x200-cm\/","title":{"rendered":"Mink\u0161tos \u201eChester\u201c lovos standartin\u0117s 140&#215;200 cm"},"content":{"rendered":"<p>\u201eChester\u201c lovos komplektas pasi\u017eymi tankiai dygsniuotu galv\u016bgaliu, kuriame taip pat yra kruop\u0161\u010diai i\u0161d\u0117styt\u0173 audinio klos\u010di\u0173, pabr\u0117\u017eian\u010di\u0173 klasikin\u012f lovos charakter\u012f. Baldui b\u016bdingas auk\u0161tos kokyb\u0117s rank\u0173 darbo meistri\u0161kumas, kruop\u0161\u010diai atkreiptas d\u0117mesys \u012f detales. Galv\u016bgalis, gausiai dygsniuotas apmu\u0161al\u0173 sagomis, yra ne tik dekoratyvin\u0117 detal\u0117, bet ir suteikia puiki\u0105 nugaros atram\u0105 \u017ei\u016brint televizori\u0173 ar skaitant m\u0117gstam\u0105 knyg\u0105. Lova puikiai tiks tiek klasikiniame, tiek prabangiame miegamajame. Komplekt\u0105 galima i\u0161pl\u0117sti papildomais elementais, tokiais kaip priekyje atidaroma patalyn\u0117s spintel\u0117, \u010diu\u017einio pagrindas su pakeltuvais arba \u010diu\u017einio pagrindas be pakeltuv\u0173. Galima rinktis i\u0161 plataus spalv\u0173, tip\u0173 ir koj\u0173 tip\u0173, taip pat apmu\u0161al\u0173 med\u017eiag\u0173 pasirinkimo. Papildomi elementai, audini\u0173 ir spalv\u0173 pavyzd\u017eiai pateikti gaminio k\u016br\u0117jo dokumente.<\/p>","protected":false},"excerpt":{"rendered":"<p>The Chester set features a densely tufted headboard, which also features carefully arranged fabric pleats, emphasizing the bed&#8217;s classic character. The piece is characterized by high-quality handcrafted craftsmanship with meticulous attention to detail. The headboard, richly tufted with upholstery buttons, is not only a decorative detail but also provides excellent back support while watching TV [&hellip;]<\/p>","protected":false},"featured_media":222015,"comment_status":"open","ping_status":"closed","template":"","meta":[],"product_brand":[],"product_cat":[505,1970,7906],"product_tag":[],"class_list":{"0":"post-221996","1":"product","2":"type-product","3":"status-publish","4":"has-post-thumbnail","6":"product_cat-bedroom-beds","7":"product_cat-beds-140x200","8":"product_cat-comforteo","10":"first","11":"instock","12":"shipping-taxable","13":"product-type-grouped"},"_links":{"self":[{"href":"https:\/\/baldumarket.lt\/lt\/wp-json\/wp\/v2\/product\/221996","targetHints":{"allow":["GET"]}}],"collection":[{"href":"https:\/\/baldumarket.lt\/lt\/wp-json\/wp\/v2\/product"}],"about":[{"href":"https:\/\/baldumarket.lt\/lt\/wp-json\/wp\/v2\/types\/product"}],"replies":[{"embeddable":true,"href":"https:\/\/baldumarket.lt\/lt\/wp-json\/wp\/v2\/comments?post=221996"}],"wp:featuredmedia":[{"embeddable":true,"href":"https:\/\/baldumarket.lt\/lt\/wp-json\/wp\/v2\/media\/222015"}],"wp:attachment":[{"href":"https:\/\/baldumarket.lt\/lt\/wp-json\/wp\/v2\/media?parent=221996"}],"wp:term":[{"taxonomy":"product_brand","embeddable":true,"href":"https:\/\/baldumarket.lt\/lt\/wp-json\/wp\/v2\/product_brand?post=221996"},{"taxonomy":"product_cat","embeddable":true,"href":"https:\/\/baldumarket.lt\/lt\/wp-json\/wp\/v2\/product_cat?post=221996"},{"taxonomy":"product_tag","embeddable":true,"href":"https:\/\/baldumarket.lt\/lt\/wp-json\/wp\/v2\/product_tag?post=221996"}],"curies":[{"name":"wp","href":"https:\/\/api.w.org\/{rel}","templated":true}]}}