{"id":221961,"date":"2025-12-27T23:29:30","date_gmt":"2025-12-27T20:29:30","guid":{"rendered":"https:\/\/baldumarket.lt\/?post_type=product&#038;p=221961"},"modified":"2026-02-03T23:11:31","modified_gmt":"2026-02-03T20:11:31","slug":"lozka-tapicerowane-chester-standard-180x200-cm-gr4","status":"publish","type":"product","link":"https:\/\/baldumarket.lt\/lt\/product\/lozka-tapicerowane-chester-standard-180x200-cm-gr4\/","title":{"rendered":"Apmu\u0161tos \u201eChester\u201c lovos, standartin\u0117s, 180\u00d7200 cm, Gr4"},"content":{"rendered":"<p>160 \u00d7 200 cm dyd\u017eio mink\u0161ta \u201eChester\u201c lova pasi\u017eymi tankiai dygsniuotu galv\u016bgaliu, kuriame taip pat yra kruop\u0161\u010diai i\u0161d\u0117styt\u0173 audinio klos\u010di\u0173, pabr\u0117\u017eian\u010di\u0173 klasikin\u012f lovos charakter\u012f. Baldui b\u016bdingas auk\u0161tos kokyb\u0117s rank\u0173 darbo meistri\u0161kumas, kruop\u0161\u010diai atkreiptas d\u0117mesys \u012f detales. Gausiai dygsniuotas apmu\u0161al\u0173 sagomis galv\u016bgalis yra ne tik dekoratyvin\u0117 detal\u0117, bet ir suteikia puiki\u0105 nugaros atram\u0105 \u017ei\u016brint m\u0117gstam\u0105 serial\u0105. Lova puikiai tiks tiek klasikiniame, tiek prabangiame miegamajame. Komplekt\u0105 galima i\u0161pl\u0117sti papildomais elementais, tokiais kaip prakti\u0161ka ir funkcionali priekyje atidaroma patalyn\u0117s spintel\u0117, \u010diu\u017einio pagrindas su dujin\u0117mis spyruokl\u0117mis arba \u010diu\u017einio pagrindas be dujini\u0173 spyruokli\u0173. Galima rinktis i\u0161 plataus spalv\u0173, tip\u0173 ir koj\u0173 tip\u0173, taip pat apmu\u0161al\u0173 med\u017eiag\u0173 pasirinkimo. Papildomi elementai, audini\u0173 ir spalv\u0173 pavyzd\u017eiai pateikti gaminio k\u016brimo priemon\u0117je. Baldams reikia minimalaus surinkimo ir jie pristatomi be \u010diu\u017einio.<\/p>","protected":false},"excerpt":{"rendered":"<p>Plotis: 198 cm<br \/>\nIlgis: 223 cm<br \/>\n\u016agis: 106 cm<br \/>\nMiegamoji erdv\u0117: 180 \u00d7 200 cm<br \/>\n\u0160oninis auk\u0161tis: 32 cm<\/p>","protected":false},"featured_media":221979,"comment_status":"open","ping_status":"closed","template":"","meta":[],"product_brand":[],"product_cat":[9133],"product_tag":[],"class_list":{"0":"post-221961","1":"product","2":"type-product","3":"status-publish","4":"has-post-thumbnail","6":"product_cat-grouped","8":"first","9":"instock","10":"shipping-taxable","11":"purchasable","12":"product-type-variable","13":"wvs-archive-product-wrapper"},"_links":{"self":[{"href":"https:\/\/baldumarket.lt\/lt\/wp-json\/wp\/v2\/product\/221961","targetHints":{"allow":["GET"]}}],"collection":[{"href":"https:\/\/baldumarket.lt\/lt\/wp-json\/wp\/v2\/product"}],"about":[{"href":"https:\/\/baldumarket.lt\/lt\/wp-json\/wp\/v2\/types\/product"}],"replies":[{"embeddable":true,"href":"https:\/\/baldumarket.lt\/lt\/wp-json\/wp\/v2\/comments?post=221961"}],"wp:featuredmedia":[{"embeddable":true,"href":"https:\/\/baldumarket.lt\/lt\/wp-json\/wp\/v2\/media\/221979"}],"wp:attachment":[{"href":"https:\/\/baldumarket.lt\/lt\/wp-json\/wp\/v2\/media?parent=221961"}],"wp:term":[{"taxonomy":"product_brand","embeddable":true,"href":"https:\/\/baldumarket.lt\/lt\/wp-json\/wp\/v2\/product_brand?post=221961"},{"taxonomy":"product_cat","embeddable":true,"href":"https:\/\/baldumarket.lt\/lt\/wp-json\/wp\/v2\/product_cat?post=221961"},{"taxonomy":"product_tag","embeddable":true,"href":"https:\/\/baldumarket.lt\/lt\/wp-json\/wp\/v2\/product_tag?post=221961"}],"curies":[{"name":"wp","href":"https:\/\/api.w.org\/{rel}","templated":true}]}}