{"id":221942,"date":"2025-12-27T23:28:21","date_gmt":"2025-12-27T20:28:21","guid":{"rendered":"https:\/\/baldumarket.lt\/?post_type=product&#038;p=221942"},"modified":"2026-02-03T23:11:32","modified_gmt":"2026-02-03T20:11:32","slug":"lozka-tapicerowane-cortez-140x200-cm-gr2","status":"publish","type":"product","link":"https:\/\/baldumarket.lt\/lt\/product\/lozka-tapicerowane-cortez-140x200-cm-gr2\/","title":{"rendered":"\u201eCortez\u201c mink\u0161tos lovos 140\u00d7200 cm Gr2"},"content":{"rendered":"<p>\u0160i eleganti\u0161ka mink\u0161ta lova su ilgu, auk\u0161tu galv\u016bgaliu bus tikras bet kurio miegamojo perlas. \u201eCortez by Comforteo\u201c lova, kurios miegamojo plotas yra 140 \u00d7 200 cm, d\u0117l savo vidutinio dyd\u017eio tinka ma\u017eam miegamajam arba paauglio kambariui. Komplekt\u0105 sudaro dekoratyviniu audiniu aptrauktas r\u0117mas ir mink\u0161tas, auk\u0161tas galv\u016bgalis. Baldus galima i\u0161pl\u0117sti patalyn\u0117s d\u0117\u017ee, lovos pagrindu, \u010diu\u017einio pak\u0117l\u0117ju ir \u010diu\u017einiu. Lova si\u016bloma su \u012fvairiais audiniais ir reikalauja minimalaus surinkimo. Standartinis komplekto galv\u016bgalio plotis yra 158 cm, kur\u012f galima prailginti dviem papildomomis \u0161onin\u0117mis panel\u0117mis, kuri\u0173 kiekviena yra 60 cm ilgio.<\/p>","protected":false},"excerpt":{"rendered":"<p>Plotis: 278 cm<br \/>\nIlgis: 218 cm<br \/>\nAuk\u0161tis: 120 cm<br \/>\nMiegamasis plotas: 140 \u00d7 200 cm<br \/>\n\u0160oninis auk\u0161tis: 34 cm<\/p>","protected":false},"featured_media":221968,"comment_status":"open","ping_status":"closed","template":"","meta":[],"product_brand":[],"product_cat":[9133],"product_tag":[],"class_list":{"0":"post-221942","1":"product","2":"type-product","3":"status-publish","4":"has-post-thumbnail","6":"product_cat-grouped","8":"first","9":"instock","10":"shipping-taxable","11":"purchasable","12":"product-type-variable","13":"wvs-archive-product-wrapper"},"_links":{"self":[{"href":"https:\/\/baldumarket.lt\/lt\/wp-json\/wp\/v2\/product\/221942","targetHints":{"allow":["GET"]}}],"collection":[{"href":"https:\/\/baldumarket.lt\/lt\/wp-json\/wp\/v2\/product"}],"about":[{"href":"https:\/\/baldumarket.lt\/lt\/wp-json\/wp\/v2\/types\/product"}],"replies":[{"embeddable":true,"href":"https:\/\/baldumarket.lt\/lt\/wp-json\/wp\/v2\/comments?post=221942"}],"wp:featuredmedia":[{"embeddable":true,"href":"https:\/\/baldumarket.lt\/lt\/wp-json\/wp\/v2\/media\/221968"}],"wp:attachment":[{"href":"https:\/\/baldumarket.lt\/lt\/wp-json\/wp\/v2\/media?parent=221942"}],"wp:term":[{"taxonomy":"product_brand","embeddable":true,"href":"https:\/\/baldumarket.lt\/lt\/wp-json\/wp\/v2\/product_brand?post=221942"},{"taxonomy":"product_cat","embeddable":true,"href":"https:\/\/baldumarket.lt\/lt\/wp-json\/wp\/v2\/product_cat?post=221942"},{"taxonomy":"product_tag","embeddable":true,"href":"https:\/\/baldumarket.lt\/lt\/wp-json\/wp\/v2\/product_tag?post=221942"}],"curies":[{"name":"wp","href":"https:\/\/api.w.org\/{rel}","templated":true}]}}